{"id":1278,"date":"2025-08-07T15:26:15","date_gmt":"2025-08-07T15:26:15","guid":{"rendered":"https:\/\/myalarme.be\/?page_id=1278"},"modified":"2025-11-23T10:24:20","modified_gmt":"2025-11-23T10:24:20","slug":"gateway","status":"publish","type":"page","link":"https:\/\/myalarme.be\/index.php\/gateway\/","title":{"rendered":"Gateway"},"content":{"rendered":"\t\t<div data-elementor-type=\"wp-page\" data-elementor-id=\"1278\" class=\"elementor elementor-1278\">\n\t\t\t\t<div class=\"elementor-element elementor-element-2902e17 e-con-full e-flex e-con e-parent\" data-id=\"2902e17\" data-element_type=\"container\" data-e-type=\"container\">\n\t\t\t\t<div class=\"elementor-element elementor-element-aa1062f elementor-widget elementor-widget-image\" data-id=\"aa1062f\" data-element_type=\"widget\" data-e-type=\"widget\" data-widget_type=\"image.default\">\n\t\t\t\t\t\t\t\t\t\t\t\t\t\t\t<img fetchpriority=\"high\" decoding=\"async\" width=\"1024\" height=\"480\" src=\"https:\/\/myalarme.be\/wp-content\/uploads\/2025\/08\/tmp_1d1ce2f6-0228-4d25-b716-29abdd4b017c-1024x480.png\" class=\"attachment-large size-large wp-image-1356\" alt=\"\" srcset=\"https:\/\/myalarme.be\/wp-content\/uploads\/2025\/08\/tmp_1d1ce2f6-0228-4d25-b716-29abdd4b017c-1024x480.png 1024w, https:\/\/myalarme.be\/wp-content\/uploads\/2025\/08\/tmp_1d1ce2f6-0228-4d25-b716-29abdd4b017c-300x141.png 300w, https:\/\/myalarme.be\/wp-content\/uploads\/2025\/08\/tmp_1d1ce2f6-0228-4d25-b716-29abdd4b017c-768x360.png 768w, https:\/\/myalarme.be\/wp-content\/uploads\/2025\/08\/tmp_1d1ce2f6-0228-4d25-b716-29abdd4b017c.png 1920w\" sizes=\"(max-width: 1024px) 100vw, 1024px\" \/>\t\t\t\t\t\t\t\t\t\t\t\t\t\t\t<\/div>\n\t\t\t\t<div class=\"elementor-element elementor-element-2be282d elementor-widget__width-initial elementor-absolute elementor-widget elementor-widget-elementskit-heading\" data-id=\"2be282d\" data-element_type=\"widget\" data-e-type=\"widget\" data-settings=\"{&quot;_position&quot;:&quot;absolute&quot;}\" data-widget_type=\"elementskit-heading.default\">\n\t\t\t\t\t<div class=\"ekit-wid-con\" ><div class=\"ekit-heading elementskit-section-title-wraper text_left   ekit_heading_tablet-   ekit_heading_mobile-\"><h2 class=\"ekit-heading--title elementskit-section-title \">Gateway<\/h2><\/div><\/div>\t\t\t\t<\/div>\n\t\t\t\t<\/div>\n\t\t<div class=\"elementor-element elementor-element-3e6da9c e-flex e-con-boxed e-con e-parent\" data-id=\"3e6da9c\" data-element_type=\"container\" data-e-type=\"container\">\n\t\t\t\t\t<div class=\"e-con-inner\">\n\t\t\t\t<div class=\"elementor-element elementor-element-e0d3c28 elementor-widget elementor-widget-spacer\" data-id=\"e0d3c28\" data-element_type=\"widget\" data-e-type=\"widget\" data-widget_type=\"spacer.default\">\n\t\t\t\t\t\t\t<div class=\"elementor-spacer\">\n\t\t\t<div class=\"elementor-spacer-inner\"><\/div>\n\t\t<\/div>\n\t\t\t\t\t\t<\/div>\n\t\t\t\t\t<\/div>\n\t\t\t\t<\/div>\n\t\t<div class=\"elementor-element elementor-element-55a2dce e-con-full e-flex e-con e-parent\" data-id=\"55a2dce\" data-element_type=\"container\" data-e-type=\"container\">\n\t\t\t\t<div class=\"elementor-element elementor-element-68ff0d1 elementor-widget elementor-widget-heading\" data-id=\"68ff0d1\" data-element_type=\"widget\" data-e-type=\"widget\" data-widget_type=\"heading.default\">\n\t\t\t\t\t<h2 class=\"elementor-heading-title elementor-size-default\">My Alarme\u202f: la premi\u00e8re Gateway de s\u00e9curit\u00e9\nintelligente<br><br><\/h2>\t\t\t\t<\/div>\n\t\t\t\t<div class=\"elementor-element elementor-element-a02f8ca elementor-widget elementor-widget-video\" data-id=\"a02f8ca\" data-element_type=\"widget\" data-e-type=\"widget\" data-settings=\"{&quot;youtube_url&quot;:&quot;https:\\\/\\\/youtu.be\\\/jw0tKaoOWrM&quot;,&quot;autoplay&quot;:&quot;yes&quot;,&quot;video_type&quot;:&quot;youtube&quot;,&quot;controls&quot;:&quot;yes&quot;}\" data-widget_type=\"video.default\">\n\t\t\t\t\t\t\t<div class=\"elementor-wrapper elementor-open-inline\">\n\t\t\t<div class=\"elementor-video\"><\/div>\t\t<\/div>\n\t\t\t\t\t\t<\/div>\n\t\t\t\t<\/div>\n\t\t<div class=\"elementor-element elementor-element-5748773 e-con-full e-flex e-con e-parent\" data-id=\"5748773\" data-element_type=\"container\" data-e-type=\"container\">\n\t\t\t\t<div class=\"elementor-element elementor-element-e336502 elementor-widget elementor-widget-heading\" data-id=\"e336502\" data-element_type=\"widget\" data-e-type=\"widget\" data-widget_type=\"heading.default\">\n\t\t\t\t\t<h2 class=\"elementor-heading-title elementor-size-default\">Qu\u2019est-ce qu\u2019une Gateway de s\u00e9curit\u00e9\u202f?<\/h2>\t\t\t\t<\/div>\n\t\t\t\t<div class=\"elementor-element elementor-element-4825c0c elementor-widget elementor-widget-text-editor\" data-id=\"4825c0c\" data-element_type=\"widget\" data-e-type=\"widget\" data-widget_type=\"text-editor.default\">\n\t\t\t\t\t\t\t\t\t<p>Vous pensez \u00eatre prot\u00e9g\u00e9 par votre syst\u00e8me d\u2019alarme\u202f? Vous utilisez s\u00fbrement une alarme de marque X, avec des d\u00e9tecteurs sur vos portes, vos<br \/>fen\u00eatres et dans vos pi\u00e8ces. Votre installation repose sur deux technologies\u202f: la d\u00e9tection p\u00e9rim\u00e9trique et la d\u00e9tection volum\u00e9trique. Pourtant, ce<br \/>syst\u00e8me reste connect\u00e9 \u00e0 un point faible\u202f: un centre de t\u00e9l\u00e9surveillance ou de t\u00e9l\u00e9s\u00e9curit\u00e9.<br \/><br \/>Beaucoup de clients croient poss\u00e9der un syst\u00e8me vraiment dissuasif. Mais en r\u00e9alit\u00e9, la v\u00e9ritable protection n\u2019existe pas tant que la r\u00e9action n\u2019est<br \/>pas imm\u00e9diate. Le centre de t\u00e9l\u00e9surveillance ajoute des d\u00e9lais qui profitent au cambrioleur.<\/p><p>\u00a0<\/p><p>Vous disposez aussi peut-\u00eatre de cam\u00e9ras de surveillance de marque Y, reli\u00e9es \u00e0 un enregistreur ou \u00e0 une application mobile. Mais l\u00e0 encore, le<br \/>temps joue contre vous. Entre l\u2019intrusion, la d\u00e9tection, la transmission et la r\u00e9action, le voleur agit avant que vous n\u2019ayez le temps d\u2019intervenir. En<br \/>arrivant, vous constatez les d\u00e9g\u00e2ts\u202f: il \u00e9tait d\u00e9j\u00e0 trop tard.<\/p>\t\t\t\t\t\t\t\t<\/div>\n\t\t\t\t<\/div>\n\t\t<div class=\"elementor-element elementor-element-e202749 e-flex e-con-boxed e-con e-parent\" data-id=\"e202749\" data-element_type=\"container\" data-e-type=\"container\">\n\t\t\t\t\t<div class=\"e-con-inner\">\n\t\t\t\t<div class=\"elementor-element elementor-element-4027a3a elementor-widget elementor-widget-heading\" data-id=\"4027a3a\" data-element_type=\"widget\" data-e-type=\"widget\" data-widget_type=\"heading.default\">\n\t\t\t\t\t<h2 class=\"elementor-heading-title elementor-size-default\">La Gateway de s\u00e9curit\u00e9 My Alarme\u202f: l\u2019innovation qui change tout<\/h2>\t\t\t\t<\/div>\n\t\t\t\t<div class=\"elementor-element elementor-element-4eec27d elementor-widget elementor-widget-text-editor\" data-id=\"4eec27d\" data-element_type=\"widget\" data-e-type=\"widget\" data-widget_type=\"text-editor.default\">\n\t\t\t\t\t\t\t\t\t<p>My Alarme propose une v\u00e9ritable Gateway de s\u00e9curit\u00e9. Cette passerelle technologique relie automatiquement votre alarme X \u00e0 vos cam\u00e9ras Y et \u00e0 vos applications mobiles. Vous recevez imm\u00e9diatement une alerte enrichie par des images en temps r\u00e9el.<br \/>Vous b\u00e9n\u00e9ficiez ainsi d\u2019une information fiable et rapide, conforme \u00e0 l\u2019article 152 de la loi sur la s\u00e9curit\u00e9 priv\u00e9e.<br \/>Vous pouvez contacter la police avec une preuve concr\u00e8te, et garantir une intervention prioritaire.<br \/>Vous maximisez vos chances d\u2019interpellation du voleur.<\/p>\t\t\t\t\t\t\t\t<\/div>\n\t\t\t\t\t<\/div>\n\t\t\t\t<\/div>\n\t\t<div class=\"elementor-element elementor-element-e75cc96 e-flex e-con-boxed e-con e-parent\" data-id=\"e75cc96\" data-element_type=\"container\" data-e-type=\"container\">\n\t\t\t\t\t<div class=\"e-con-inner\">\n\t\t\t\t<div class=\"elementor-element elementor-element-600e1b0 elementor-widget elementor-widget-heading\" data-id=\"600e1b0\" data-element_type=\"widget\" data-e-type=\"widget\" data-widget_type=\"heading.default\">\n\t\t\t\t\t<h2 class=\"elementor-heading-title elementor-size-default\">Une solution universelle et personnalis\u00e9e<\/h2>\t\t\t\t<\/div>\n\t\t\t\t<div class=\"elementor-element elementor-element-8b61881 elementor-widget elementor-widget-text-editor\" data-id=\"8b61881\" data-element_type=\"widget\" data-e-type=\"widget\" data-widget_type=\"text-editor.default\">\n\t\t\t\t\t\t\t\t\t<p>Chaque syst\u00e8me de s\u00e9curit\u00e9 est unique. Chaque installation, chaque client a ses exigences.<br \/>My Alarme s\u2019adapte \u00e0 99\u202f% des situations et des imp\u00e9ratifs techniques rencontr\u00e9s\u00a0:<\/p><ul><li>Compatible avec ou sans centre de t\u00e9l\u00e9surveillance<\/li><li>Fonctionne avec les principales marques d\u2019alarmes et cam\u00e9ras<\/li><li>Param\u00e9trage \u00e0 la carte apr\u00e8s une \u00e9tude technique personnalis\u00e9e<\/li><\/ul><p>Notre Gateway agit comme le trait d\u2019union entre tous vos \u00e9quipements de s\u00e9curit\u00e9, pour une r\u00e9action polici\u00e8re au plus proche du temps r\u00e9el.<\/p>\t\t\t\t\t\t\t\t<\/div>\n\t\t\t\t\t<\/div>\n\t\t\t\t<\/div>\n\t\t<div class=\"elementor-element elementor-element-adf5e93 e-flex e-con-boxed e-con e-parent\" data-id=\"adf5e93\" data-element_type=\"container\" data-e-type=\"container\">\n\t\t\t\t\t<div class=\"e-con-inner\">\n\t\t\t\t<div class=\"elementor-element elementor-element-8d93728 elementor-widget__width-initial elementor-widget elementor-widget-elementskit-heading\" data-id=\"8d93728\" data-element_type=\"widget\" data-e-type=\"widget\" data-widget_type=\"elementskit-heading.default\">\n\t\t\t\t\t<div class=\"ekit-wid-con\" ><div class=\"ekit-heading elementskit-section-title-wraper text_left   ekit_heading_tablet-   ekit_heading_mobile-\"><a href=\"https:\/\/myalarme.be\/index.php\/dissuasion\/\"><h2 class=\"ekit-heading--title elementskit-section-title \">Testez la vraie <span><span>dissuasion<\/span><\/span>, oubliez les syst\u00e8mes inutiles<\/h2><\/a><\/div><\/div>\t\t\t\t<\/div>\n\t\t\t\t\t<\/div>\n\t\t\t\t<\/div>\n\t\t<div class=\"elementor-element elementor-element-68eaaec e-flex e-con-boxed e-con e-parent\" data-id=\"68eaaec\" data-element_type=\"container\" data-e-type=\"container\" id=\"xs_cta_style_11\" data-settings=\"{&quot;background_background&quot;:&quot;classic&quot;}\">\n\t\t\t\t\t<div class=\"e-con-inner\">\n\t\t<div class=\"elementor-element elementor-element-505ac3dd e-con-full e-flex e-con e-child\" data-id=\"505ac3dd\" data-element_type=\"container\" data-e-type=\"container\" data-settings=\"{&quot;background_background&quot;:&quot;classic&quot;}\">\n\t\t\t\t<div class=\"elementor-element elementor-element-3df9588a elementor-widget__width-initial elementor-widget elementor-widget-elementskit-heading\" data-id=\"3df9588a\" data-element_type=\"widget\" data-e-type=\"widget\" data-widget_type=\"elementskit-heading.default\">\n\t\t\t\t\t<div class=\"ekit-wid-con\" ><div class=\"ekit-heading elementskit-section-title-wraper text_left   ekit_heading_tablet-   ekit_heading_mobile-\"><a href=\"https:\/\/myalarme.be\/index.php\/dissuasion\/\"><h2 class=\"ekit-heading--title elementskit-section-title \">Ne laissez plus le temps au voleur d\u2019agir\u202f: faites la diff\u00e9rence entre un syst\u00e8me d\u2019alarme inutile et une solution <span><span>vraiment dissuasive.<\/span><\/span><\/h2><\/a><\/div><\/div>\t\t\t\t<\/div>\n\t\t\t\t<div class=\"elementor-element elementor-element-8d15abf elementor-widget__width-initial elementor-widget elementor-widget-elementskit-heading\" data-id=\"8d15abf\" data-element_type=\"widget\" data-e-type=\"widget\" data-widget_type=\"elementskit-heading.default\">\n\t\t\t\t\t<div class=\"ekit-wid-con\" ><div class=\"ekit-heading elementskit-section-title-wraper text_left   ekit_heading_tablet-   ekit_heading_mobile-\"><h2 class=\"ekit-heading--title elementskit-section-title \">D\u00e9couvrez gratuitement les solutions My<span><span>Alarme<\/span><\/span> et b\u00e9n\u00e9ficiez enfin d\u2019une intervention polici\u00e8re <span><span>rapide et prioritaire.<\/span><\/span><\/h2><\/div><\/div>\t\t\t\t<\/div>\n\t\t\t\t<\/div>\n\t\t\t\t\t<\/div>\n\t\t\t\t<\/div>\n\t\t<div class=\"elementor-element elementor-element-dbd8da9 e-con-full e-flex e-con e-parent\" data-id=\"dbd8da9\" data-element_type=\"container\" data-e-type=\"container\">\n\t\t<div class=\"elementor-element elementor-element-f0378eb e-con-full e-flex e-con e-child\" data-id=\"f0378eb\" data-element_type=\"container\" data-e-type=\"container\">\n\t\t\t\t<div class=\"elementor-element elementor-element-f16de5b elementor-align-left elementor-mobile-align-justify elementor-widget-mobile__width-inherit elementor-widget elementor-widget-button\" data-id=\"f16de5b\" data-element_type=\"widget\" data-e-type=\"widget\" data-widget_type=\"button.default\">\n\t\t\t\t\t\t\t\t\t\t<a class=\"elementor-button elementor-button-link elementor-size-sm\" href=\"https:\/\/myalarme.be\/index.php\/jai-deja-un-systeme-dalarme\/\" target=\"_blank\">\n\t\t\t\t\t\t<span class=\"elementor-button-content-wrapper\">\n\t\t\t\t\t\t\t\t\t<span class=\"elementor-button-text\">J'ai d\u00e9j\u00e0 un syst\u00e8me install\u00e9 <\/span>\n\t\t\t\t\t<\/span>\n\t\t\t\t\t<\/a>\n\t\t\t\t\t\t\t\t<\/div>\n\t\t\t\t<\/div>\n\t\t<div class=\"elementor-element elementor-element-383fc67 e-con-full e-flex e-con e-child\" data-id=\"383fc67\" data-element_type=\"container\" data-e-type=\"container\">\n\t\t\t\t<div class=\"elementor-element elementor-element-dc27ae2 elementor-align--mobilecenter elementor-widget__width-initial elementor-align-center elementor-widget elementor-widget-elementskit-button\" data-id=\"dc27ae2\" data-element_type=\"widget\" data-e-type=\"widget\" data-widget_type=\"elementskit-button.default\">\n\t\t\t\t\t<div class=\"ekit-wid-con\" >\t\t<div class=\"ekit-btn-wraper\">\n\t\t\t\t\t\t\t<a href=\"https:\/\/myalarme.be\/index.php\/contact\/\" class=\"elementskit-btn  whitespace--normal\" id=\"\">\n\t\t\t\t\tDEVIS\t\t\t\t<\/a>\n\t\t\t\t\t<\/div>\n        <\/div>\t\t\t\t<\/div>\n\t\t\t\t<\/div>\n\t\t<div class=\"elementor-element elementor-element-07f1b3c e-con-full e-flex e-con e-child\" data-id=\"07f1b3c\" data-element_type=\"container\" data-e-type=\"container\">\n\t\t\t\t<div class=\"elementor-element elementor-element-6cb7876 elementor-align-left elementor-mobile-align-justify elementor-widget-mobile__width-inherit elementor-widget elementor-widget-button\" data-id=\"6cb7876\" data-element_type=\"widget\" data-e-type=\"widget\" data-widget_type=\"button.default\">\n\t\t\t\t\t\t\t\t\t\t<a class=\"elementor-button elementor-button-link elementor-size-sm\" href=\"https:\/\/myalarme.be\/index.php\/je-nai-pas-de-systeme-dalarme\/\">\n\t\t\t\t\t\t<span class=\"elementor-button-content-wrapper\">\n\t\t\t\t\t\t\t\t\t<span class=\"elementor-button-text\">J'ai pas encore un syst\u00e8me <\/span>\n\t\t\t\t\t<\/span>\n\t\t\t\t\t<\/a>\n\t\t\t\t\t\t\t\t<\/div>\n\t\t\t\t<\/div>\n\t\t\t\t<\/div>\n\t\t\t\t<\/div>\n\t\t","protected":false},"excerpt":{"rendered":"<p>Gateway My Alarme\u202f: la premi\u00e8re Gateway de s\u00e9curit\u00e9 intelligente https:\/\/youtu.be\/jw0tKaoOWrM Qu\u2019est-ce qu\u2019une Gateway de s\u00e9curit\u00e9\u202f? Vous pensez \u00eatre prot\u00e9g\u00e9 par votre syst\u00e8me d\u2019alarme\u202f? Vous utilisez s\u00fbrement une alarme de marque&hellip;<\/p>\n","protected":false},"author":2,"featured_media":1042,"parent":0,"menu_order":0,"comment_status":"closed","ping_status":"closed","template":"elementor_header_footer","meta":{"footnotes":""},"class_list":["post-1278","page","type-page","status-publish","has-post-thumbnail","hentry"],"yoast_head":"<!-- This site is optimized with the Yoast SEO Premium plugin v25.4 (Yoast SEO v27.5) - https:\/\/yoast.com\/product\/yoast-seo-premium-wordpress\/ -->\n<title>Gateway - MyAlarme Une solution de s\u00e9curit\u00e9 personnalis\u00e9e qui change tout<\/title>\n<meta name=\"description\" content=\"Notre Gateway agit comme le trait d\u2019union entre tous vos \u00e9quipements de s\u00e9curit\u00e9, pour une r\u00e9action polici\u00e8re au plus proche du temps r\u00e9el.\" \/>\n<meta name=\"robots\" content=\"index, follow, max-snippet:-1, max-image-preview:large, max-video-preview:-1\" \/>\n<link rel=\"canonical\" href=\"https:\/\/myalarme.be\/index.php\/gateway\/\" \/>\n<meta property=\"og:locale\" content=\"fr_FR\" \/>\n<meta property=\"og:type\" content=\"article\" \/>\n<meta property=\"og:title\" content=\"Gateway\" \/>\n<meta property=\"og:description\" content=\"Notre Gateway agit comme le trait d\u2019union entre tous vos \u00e9quipements de s\u00e9curit\u00e9, pour une r\u00e9action polici\u00e8re au plus proche du temps r\u00e9el.\" \/>\n<meta property=\"og:url\" content=\"https:\/\/myalarme.be\/index.php\/gateway\/\" \/>\n<meta property=\"og:site_name\" content=\"MyAlarme\" \/>\n<meta property=\"article:modified_time\" content=\"2025-11-23T10:24:20+00:00\" \/>\n<meta property=\"og:image\" content=\"https:\/\/myalarme.be\/wp-content\/uploads\/2025\/08\/tmp_b0a111a1-2dcd-4a73-858e-0aae6295f947-2-e1754474673960.png\" \/>\n\t<meta property=\"og:image:width\" content=\"853\" \/>\n\t<meta property=\"og:image:height\" content=\"400\" \/>\n\t<meta property=\"og:image:type\" content=\"image\/png\" \/>\n<meta name=\"twitter:card\" content=\"summary_large_image\" \/>\n<meta name=\"twitter:label1\" content=\"Dur\u00e9e de lecture est.\" \/>\n\t<meta name=\"twitter:data1\" content=\"2 minutes\" \/>\n<script type=\"application\/ld+json\" class=\"yoast-schema-graph\">{\"@context\":\"https:\\\/\\\/schema.org\",\"@graph\":[{\"@type\":\"WebPage\",\"@id\":\"https:\\\/\\\/myalarme.be\\\/index.php\\\/gateway\\\/\",\"url\":\"https:\\\/\\\/myalarme.be\\\/index.php\\\/gateway\\\/\",\"name\":\"Gateway - MyAlarme Une solution de s\u00e9curit\u00e9 personnalis\u00e9e qui change tout\",\"isPartOf\":{\"@id\":\"https:\\\/\\\/myalarme.be\\\/#website\"},\"primaryImageOfPage\":{\"@id\":\"https:\\\/\\\/myalarme.be\\\/index.php\\\/gateway\\\/#primaryimage\"},\"image\":{\"@id\":\"https:\\\/\\\/myalarme.be\\\/index.php\\\/gateway\\\/#primaryimage\"},\"thumbnailUrl\":\"https:\\\/\\\/myalarme.be\\\/wp-content\\\/uploads\\\/2025\\\/08\\\/tmp_b0a111a1-2dcd-4a73-858e-0aae6295f947-2-e1754474673960.png\",\"datePublished\":\"2025-08-07T15:26:15+00:00\",\"dateModified\":\"2025-11-23T10:24:20+00:00\",\"description\":\"Notre Gateway agit comme le trait d\u2019union entre tous vos \u00e9quipements de s\u00e9curit\u00e9, pour une r\u00e9action polici\u00e8re au plus proche du temps r\u00e9el.\",\"breadcrumb\":{\"@id\":\"https:\\\/\\\/myalarme.be\\\/index.php\\\/gateway\\\/#breadcrumb\"},\"inLanguage\":\"fr-BE\",\"potentialAction\":[{\"@type\":\"ReadAction\",\"target\":[\"https:\\\/\\\/myalarme.be\\\/index.php\\\/gateway\\\/\"]}]},{\"@type\":\"ImageObject\",\"inLanguage\":\"fr-BE\",\"@id\":\"https:\\\/\\\/myalarme.be\\\/index.php\\\/gateway\\\/#primaryimage\",\"url\":\"https:\\\/\\\/myalarme.be\\\/wp-content\\\/uploads\\\/2025\\\/08\\\/tmp_b0a111a1-2dcd-4a73-858e-0aae6295f947-2-e1754474673960.png\",\"contentUrl\":\"https:\\\/\\\/myalarme.be\\\/wp-content\\\/uploads\\\/2025\\\/08\\\/tmp_b0a111a1-2dcd-4a73-858e-0aae6295f947-2-e1754474673960.png\",\"width\":853,\"height\":400},{\"@type\":\"BreadcrumbList\",\"@id\":\"https:\\\/\\\/myalarme.be\\\/index.php\\\/gateway\\\/#breadcrumb\",\"itemListElement\":[{\"@type\":\"ListItem\",\"position\":1,\"name\":\"Accueil\",\"item\":\"https:\\\/\\\/myalarme.be\\\/\"},{\"@type\":\"ListItem\",\"position\":2,\"name\":\"Gateway\"}]},{\"@type\":\"WebSite\",\"@id\":\"https:\\\/\\\/myalarme.be\\\/#website\",\"url\":\"https:\\\/\\\/myalarme.be\\\/\",\"name\":\"MyAlarme\",\"description\":\"\",\"publisher\":{\"@id\":\"https:\\\/\\\/myalarme.be\\\/#organization\"},\"potentialAction\":[{\"@type\":\"SearchAction\",\"target\":{\"@type\":\"EntryPoint\",\"urlTemplate\":\"https:\\\/\\\/myalarme.be\\\/?s={search_term_string}\"},\"query-input\":{\"@type\":\"PropertyValueSpecification\",\"valueRequired\":true,\"valueName\":\"search_term_string\"}}],\"inLanguage\":\"fr-BE\"},{\"@type\":\"Organization\",\"@id\":\"https:\\\/\\\/myalarme.be\\\/#organization\",\"name\":\"MyAlarme\",\"url\":\"https:\\\/\\\/myalarme.be\\\/\",\"logo\":{\"@type\":\"ImageObject\",\"inLanguage\":\"fr-BE\",\"@id\":\"https:\\\/\\\/myalarme.be\\\/#\\\/schema\\\/logo\\\/image\\\/\",\"url\":\"https:\\\/\\\/myalarme.be\\\/wp-content\\\/uploads\\\/2025\\\/07\\\/cropped-Sans-titre-noblanc2.png\",\"contentUrl\":\"https:\\\/\\\/myalarme.be\\\/wp-content\\\/uploads\\\/2025\\\/07\\\/cropped-Sans-titre-noblanc2.png\",\"width\":1250,\"height\":280,\"caption\":\"MyAlarme\"},\"image\":{\"@id\":\"https:\\\/\\\/myalarme.be\\\/#\\\/schema\\\/logo\\\/image\\\/\"}}]}<\/script>\n<!-- \/ Yoast SEO Premium plugin. -->","yoast_head_json":{"title":"Gateway - MyAlarme Une solution de s\u00e9curit\u00e9 personnalis\u00e9e qui change tout","description":"Notre Gateway agit comme le trait d\u2019union entre tous vos \u00e9quipements de s\u00e9curit\u00e9, pour une r\u00e9action polici\u00e8re au plus proche du temps r\u00e9el.","robots":{"index":"index","follow":"follow","max-snippet":"max-snippet:-1","max-image-preview":"max-image-preview:large","max-video-preview":"max-video-preview:-1"},"canonical":"https:\/\/myalarme.be\/index.php\/gateway\/","og_locale":"fr_FR","og_type":"article","og_title":"Gateway","og_description":"Notre Gateway agit comme le trait d\u2019union entre tous vos \u00e9quipements de s\u00e9curit\u00e9, pour une r\u00e9action polici\u00e8re au plus proche du temps r\u00e9el.","og_url":"https:\/\/myalarme.be\/index.php\/gateway\/","og_site_name":"MyAlarme","article_modified_time":"2025-11-23T10:24:20+00:00","og_image":[{"width":853,"height":400,"url":"https:\/\/myalarme.be\/wp-content\/uploads\/2025\/08\/tmp_b0a111a1-2dcd-4a73-858e-0aae6295f947-2-e1754474673960.png","type":"image\/png"}],"twitter_card":"summary_large_image","twitter_misc":{"Dur\u00e9e de lecture est.":"2 minutes"},"schema":{"@context":"https:\/\/schema.org","@graph":[{"@type":"WebPage","@id":"https:\/\/myalarme.be\/index.php\/gateway\/","url":"https:\/\/myalarme.be\/index.php\/gateway\/","name":"Gateway - MyAlarme Une solution de s\u00e9curit\u00e9 personnalis\u00e9e qui change tout","isPartOf":{"@id":"https:\/\/myalarme.be\/#website"},"primaryImageOfPage":{"@id":"https:\/\/myalarme.be\/index.php\/gateway\/#primaryimage"},"image":{"@id":"https:\/\/myalarme.be\/index.php\/gateway\/#primaryimage"},"thumbnailUrl":"https:\/\/myalarme.be\/wp-content\/uploads\/2025\/08\/tmp_b0a111a1-2dcd-4a73-858e-0aae6295f947-2-e1754474673960.png","datePublished":"2025-08-07T15:26:15+00:00","dateModified":"2025-11-23T10:24:20+00:00","description":"Notre Gateway agit comme le trait d\u2019union entre tous vos \u00e9quipements de s\u00e9curit\u00e9, pour une r\u00e9action polici\u00e8re au plus proche du temps r\u00e9el.","breadcrumb":{"@id":"https:\/\/myalarme.be\/index.php\/gateway\/#breadcrumb"},"inLanguage":"fr-BE","potentialAction":[{"@type":"ReadAction","target":["https:\/\/myalarme.be\/index.php\/gateway\/"]}]},{"@type":"ImageObject","inLanguage":"fr-BE","@id":"https:\/\/myalarme.be\/index.php\/gateway\/#primaryimage","url":"https:\/\/myalarme.be\/wp-content\/uploads\/2025\/08\/tmp_b0a111a1-2dcd-4a73-858e-0aae6295f947-2-e1754474673960.png","contentUrl":"https:\/\/myalarme.be\/wp-content\/uploads\/2025\/08\/tmp_b0a111a1-2dcd-4a73-858e-0aae6295f947-2-e1754474673960.png","width":853,"height":400},{"@type":"BreadcrumbList","@id":"https:\/\/myalarme.be\/index.php\/gateway\/#breadcrumb","itemListElement":[{"@type":"ListItem","position":1,"name":"Accueil","item":"https:\/\/myalarme.be\/"},{"@type":"ListItem","position":2,"name":"Gateway"}]},{"@type":"WebSite","@id":"https:\/\/myalarme.be\/#website","url":"https:\/\/myalarme.be\/","name":"MyAlarme","description":"","publisher":{"@id":"https:\/\/myalarme.be\/#organization"},"potentialAction":[{"@type":"SearchAction","target":{"@type":"EntryPoint","urlTemplate":"https:\/\/myalarme.be\/?s={search_term_string}"},"query-input":{"@type":"PropertyValueSpecification","valueRequired":true,"valueName":"search_term_string"}}],"inLanguage":"fr-BE"},{"@type":"Organization","@id":"https:\/\/myalarme.be\/#organization","name":"MyAlarme","url":"https:\/\/myalarme.be\/","logo":{"@type":"ImageObject","inLanguage":"fr-BE","@id":"https:\/\/myalarme.be\/#\/schema\/logo\/image\/","url":"https:\/\/myalarme.be\/wp-content\/uploads\/2025\/07\/cropped-Sans-titre-noblanc2.png","contentUrl":"https:\/\/myalarme.be\/wp-content\/uploads\/2025\/07\/cropped-Sans-titre-noblanc2.png","width":1250,"height":280,"caption":"MyAlarme"},"image":{"@id":"https:\/\/myalarme.be\/#\/schema\/logo\/image\/"}}]}},"_links":{"self":[{"href":"https:\/\/myalarme.be\/index.php\/wp-json\/wp\/v2\/pages\/1278","targetHints":{"allow":["GET"]}}],"collection":[{"href":"https:\/\/myalarme.be\/index.php\/wp-json\/wp\/v2\/pages"}],"about":[{"href":"https:\/\/myalarme.be\/index.php\/wp-json\/wp\/v2\/types\/page"}],"author":[{"embeddable":true,"href":"https:\/\/myalarme.be\/index.php\/wp-json\/wp\/v2\/users\/2"}],"replies":[{"embeddable":true,"href":"https:\/\/myalarme.be\/index.php\/wp-json\/wp\/v2\/comments?post=1278"}],"version-history":[{"count":58,"href":"https:\/\/myalarme.be\/index.php\/wp-json\/wp\/v2\/pages\/1278\/revisions"}],"predecessor-version":[{"id":2564,"href":"https:\/\/myalarme.be\/index.php\/wp-json\/wp\/v2\/pages\/1278\/revisions\/2564"}],"wp:featuredmedia":[{"embeddable":true,"href":"https:\/\/myalarme.be\/index.php\/wp-json\/wp\/v2\/media\/1042"}],"wp:attachment":[{"href":"https:\/\/myalarme.be\/index.php\/wp-json\/wp\/v2\/media?parent=1278"}],"curies":[{"name":"wp","href":"https:\/\/api.w.org\/{rel}","templated":true}]}}