{"id":2180,"date":"2025-08-26T13:00:23","date_gmt":"2025-08-26T13:00:23","guid":{"rendered":"https:\/\/myalarme.be\/?page_id=2180"},"modified":"2025-08-29T13:57:57","modified_gmt":"2025-08-29T13:57:57","slug":"bealarme","status":"publish","type":"page","link":"https:\/\/myalarme.be\/index.php\/bealarme\/","title":{"rendered":"BeAlarme"},"content":{"rendered":"\t\t<div data-elementor-type=\"wp-page\" data-elementor-id=\"2180\" class=\"elementor elementor-2180\">\n\t\t\t\t<div class=\"elementor-element elementor-element-8d37ce6 e-con-full e-flex e-con e-parent\" data-id=\"8d37ce6\" data-element_type=\"container\" data-e-type=\"container\">\n\t\t\t\t<div class=\"elementor-element elementor-element-a718d95 elementor-widget elementor-widget-image\" data-id=\"a718d95\" data-element_type=\"widget\" data-e-type=\"widget\" data-widget_type=\"image.default\">\n\t\t\t\t\t\t\t\t\t\t\t\t\t\t\t<img fetchpriority=\"high\" decoding=\"async\" width=\"1024\" height=\"480\" src=\"https:\/\/myalarme.be\/wp-content\/uploads\/2025\/08\/Page-BeAlarme-1024x480.png\" class=\"attachment-large size-large wp-image-2213\" alt=\"\" srcset=\"https:\/\/myalarme.be\/wp-content\/uploads\/2025\/08\/Page-BeAlarme-1024x480.png 1024w, https:\/\/myalarme.be\/wp-content\/uploads\/2025\/08\/Page-BeAlarme-300x141.png 300w, https:\/\/myalarme.be\/wp-content\/uploads\/2025\/08\/Page-BeAlarme-768x360.png 768w, https:\/\/myalarme.be\/wp-content\/uploads\/2025\/08\/Page-BeAlarme-1536x720.png 1536w, https:\/\/myalarme.be\/wp-content\/uploads\/2025\/08\/Page-BeAlarme.png 1920w\" sizes=\"(max-width: 1024px) 100vw, 1024px\" \/>\t\t\t\t\t\t\t\t\t\t\t\t\t\t\t<\/div>\n\t\t\t\t<\/div>\n\t\t<div class=\"elementor-element elementor-element-4db238e e-flex e-con-boxed e-con e-parent\" data-id=\"4db238e\" data-element_type=\"container\" data-e-type=\"container\">\n\t\t\t\t\t<div class=\"e-con-inner\">\n\t\t\t\t<div class=\"elementor-element elementor-element-fb7a56d elementor-widget__width-initial elementor-widget elementor-widget-text-editor\" data-id=\"fb7a56d\" data-element_type=\"widget\" data-e-type=\"widget\" data-widget_type=\"text-editor.default\">\n\t\t\t\t\t\t\t\t\t<p><span data-teams=\"true\">Le dispositif Be Alarme repose sur un ensemble de technologies innovantes vous permettant d\u2019associer vos diff\u00e9rents syst\u00e8mes de s\u00e9curit\u00e9 en une entit\u00e9 unique. Gr\u00e2ce au serveur By Alerte, vous b\u00e9n\u00e9ficiez d\u2019une synergie totale entre votre syst\u00e8me d\u2019alarme (marque X) et vos cam\u00e9ras de surveillance (marque Y).<\/span><\/p>\t\t\t\t\t\t\t\t<\/div>\n\t\t\t\t\t<\/div>\n\t\t\t\t<\/div>\n\t\t<div class=\"elementor-element elementor-element-336a233 e-flex e-con-boxed e-con e-parent\" data-id=\"336a233\" data-element_type=\"container\" data-e-type=\"container\">\n\t\t\t\t\t<div class=\"e-con-inner\">\n\t\t\t\t<div class=\"elementor-element elementor-element-5d1be6d elementor-widget__width-initial elementor-widget elementor-widget-text-editor\" data-id=\"5d1be6d\" data-element_type=\"widget\" data-e-type=\"widget\" data-widget_type=\"text-editor.default\">\n\t\t\t\t\t\t\t\t\t<p><span data-teams=\"true\">Recevez directement, sur votre smartphone et sans interm\u00e9diaire inutile et sur une m\u00eame application cam\u00e9ra &amp; alarme de mani\u00e8re optimalis\u00e9e en \u00e9tant acteur de votre s\u00e9curit\u00e9, toutes les informations essentielles pour traiter une alarme dans une application de s\u00e9curit\u00e9 orient\u00e9e \u00e0 centraliser l\u2019information. Dans les secondes suivant un \u00e9v\u00e9nement, l\u2019application professionnelle Be Alarme peut mettre \u00e0 votre disposition l\u2019ensemble des donn\u00e9es n\u00e9cessaires \u00e0 une r\u00e9action rapide : enregistrement vid\u00e9o, live avec votre cam\u00e9ra et les points en alarme.<\/span><\/p>\t\t\t\t\t\t\t\t<\/div>\n\t\t\t\t\t<\/div>\n\t\t\t\t<\/div>\n\t\t<div class=\"elementor-element elementor-element-8b5ffab e-flex e-con-boxed e-con e-parent\" data-id=\"8b5ffab\" data-element_type=\"container\" data-e-type=\"container\">\n\t\t\t\t\t<div class=\"e-con-inner\">\n\t\t\t\t<div class=\"elementor-element elementor-element-5799522 elementor-widget__width-initial elementor-widget elementor-widget-text-editor\" data-id=\"5799522\" data-element_type=\"widget\" data-e-type=\"widget\" data-widget_type=\"text-editor.default\">\n\t\t\t\t\t\t\t\t\t<p><span data-teams=\"true\">Contrairement aux dispositifs raccord\u00e9s \u00e0 des centres de t\u00e9l\u00e9surveillance \u2013 v\u00e9ritables maillons faibles de votre s\u00e9curit\u00e9 \u2013 Be Alarme vous offre la possibilit\u00e9 d\u2019agir imm\u00e9diatement, de faire toute la diff\u00e9rence entre \u00eatre spectateur ou acteur de votre s\u00e9curit\u00e9. Les centres de t\u00e9l\u00e9surveillance, contraints par l\u2019article 152 de la loi sur la s\u00e9curit\u00e9 priv\u00e9e, doivent effectuer des v\u00e9rifications obligatoires mais plus encore, vu le nombre d\u2019alarmes qu\u2019ils ont \u00e0 traiter provenant de milliers de clients et de syst\u00e8mes, ce qui retarde consid\u00e9rablement leur intervention de 5 \u00e0 10 minutes, voire plus encore, avant de g\u00e9n\u00e9ralement simplement vous contacter pour informer et vous refiler avec retard une situation que vous devrez g\u00e9rer au final.<\/span><\/p><p><span style=\"color: #ff0000;\"><strong> R\u00e9sultat : vous perdez un temps pr\u00e9cieux et devenez spectateur d\u2019avoir \u00e9t\u00e9 d\u00e9pouill\u00e9 sans pouvoir r\u00e9agir.<\/strong><\/span><\/p>\t\t\t\t\t\t\t\t<\/div>\n\t\t\t\t\t<\/div>\n\t\t\t\t<\/div>\n\t\t<div class=\"elementor-element elementor-element-52e1742 e-flex e-con-boxed e-con e-parent\" data-id=\"52e1742\" data-element_type=\"container\" data-e-type=\"container\">\n\t\t\t\t\t<div class=\"e-con-inner\">\n\t\t\t\t<div class=\"elementor-element elementor-element-8312f57 elementor-widget__width-initial elementor-widget elementor-widget-text-editor\" data-id=\"8312f57\" data-element_type=\"widget\" data-e-type=\"widget\" data-widget_type=\"text-editor.default\">\n\t\t\t\t\t\t\t\t\t<p><span data-teams=\"true\">Avec Be Alarme, vous devenez acteur de votre s\u00e9curit\u00e9. Be Alarme vous offre de r\u00e9agir quand il y a encore lieu de pouvoir agir en lien direct avec la police. <\/span><\/p><p><span style=\"color: #ff0000;\"><strong>Qui mieux que vous pour r\u00e9agir en temps r\u00e9el lors d\u2019un \u00e9v\u00e9nement critique ?<\/strong><\/span><\/p>\t\t\t\t\t\t\t\t<\/div>\n\t\t\t\t\t<\/div>\n\t\t\t\t<\/div>\n\t\t<div class=\"elementor-element elementor-element-4e34446 e-flex e-con-boxed e-con e-parent\" data-id=\"4e34446\" data-element_type=\"container\" data-e-type=\"container\">\n\t\t\t\t\t<div class=\"e-con-inner\">\n\t\t\t\t<div class=\"elementor-element elementor-element-7407783 elementor-widget__width-initial elementor-widget elementor-widget-text-editor\" data-id=\"7407783\" data-element_type=\"widget\" data-e-type=\"widget\" data-widget_type=\"text-editor.default\">\n\t\t\t\t\t\t\t\t\t<p><span data-teams=\"true\">Ne perdez plus votre argent et votre temps avec des centres de t\u00e9l\u00e9surveillance inutiles dans votre s\u00e9curit\u00e9 mais prenez la main en agissant directement dans l\u2019\u00e9v\u00e9nement et non plus apr\u00e8s, parce que votre t\u00e9l\u00e9surveillance on\u00e9reuse et inutile vous aura refil\u00e9 la charge d\u2019agir.<\/span><\/p>\t\t\t\t\t\t\t\t<\/div>\n\t\t\t\t\t<\/div>\n\t\t\t\t<\/div>\n\t\t<div class=\"elementor-element elementor-element-a1cda60 e-flex e-con-boxed e-con e-parent\" data-id=\"a1cda60\" data-element_type=\"container\" data-e-type=\"container\">\n\t\t\t\t\t<div class=\"e-con-inner\">\n\t\t\t\t<div class=\"elementor-element elementor-element-ccfcec3 elementor-widget__width-initial elementor-widget elementor-widget-text-editor\" data-id=\"ccfcec3\" data-element_type=\"widget\" data-e-type=\"widget\" data-widget_type=\"text-editor.default\">\n\t\t\t\t\t\t\t\t\t<p><span data-teams=\"true\">Gr\u00e2ce \u00e0 la solution unique By Alerte, vous recevez dans les secondes de votre alarme non seulement les d\u00e9tails pr\u00e9cis de cette alarme (point de d\u00e9clenchement, d\u00e9tecteur concern\u00e9), mais aussi automatiquement, sans autre action de recherche et de perte de temps, les images de vos cam\u00e9ras associ\u00e9es \u00e0 la zone en alarme, incluant jusqu\u2019\u00e0 5 minutes avant l\u2019incident compil\u00e9es en une vid\u00e9o de 10 secondes. Cette fonctionnalit\u00e9 exclusive vous permet d\u2019identifier imm\u00e9diatement et rapidement la gravit\u00e9 de la situation et, si n\u00e9cessaire, d\u2019alerter directement les services de police sans interm\u00e9diaire, directement depuis votre<strong><span style=\"color: #ff0000;\"> application Be Alarme<\/span><\/strong>.<\/span><\/p>\t\t\t\t\t\t\t\t<\/div>\n\t\t\t\t\t<\/div>\n\t\t\t\t<\/div>\n\t\t<div class=\"elementor-element elementor-element-babd319 e-flex e-con-boxed e-con e-parent\" data-id=\"babd319\" data-element_type=\"container\" data-e-type=\"container\">\n\t\t\t\t\t<div class=\"e-con-inner\">\n\t\t\t\t<div class=\"elementor-element elementor-element-b52c562 elementor-widget__width-initial elementor-widget elementor-widget-text-editor\" data-id=\"b52c562\" data-element_type=\"widget\" data-e-type=\"widget\" data-widget_type=\"text-editor.default\">\n\t\t\t\t\t\t\t\t\t<p><span data-teams=\"true\">Quand actuellement une t\u00e9l\u00e9surveillance informe la police avec retard en moyenne 15 \u00e0 20 minutes apr\u00e8s l\u2019alarme, Be Alarme vous offre de faire la diff\u00e9rence, de r\u00e9agir dans les secondes et de donner aux forces de l\u2019ordre le temps d\u2019agir, d\u2019intervenir efficacement en direct avec vous.<\/span><\/p>\t\t\t\t\t\t\t\t<\/div>\n\t\t\t\t\t<\/div>\n\t\t\t\t<\/div>\n\t\t<div class=\"elementor-element elementor-element-d6ca74a e-flex e-con-boxed e-con e-parent\" data-id=\"d6ca74a\" data-element_type=\"container\" data-e-type=\"container\">\n\t\t\t\t\t<div class=\"e-con-inner\">\n\t\t\t\t<div class=\"elementor-element elementor-element-33ca699 elementor-widget__width-initial elementor-widget elementor-widget-text-editor\" data-id=\"33ca699\" data-element_type=\"widget\" data-e-type=\"widget\" data-widget_type=\"text-editor.default\">\n\t\t\t\t\t\t\t\t\t<p><span data-teams=\"true\">En centralisant vos alertes sur votre smartphone, Be Alarme permet \u00e9galement \u00e0 votre groupe de contacts de confiance de recevoir les m\u00eames informations en temps r\u00e9el et d\u2019agir sans d\u00e9lai, sans maillon faible.<\/span><\/p>\t\t\t\t\t\t\t\t<\/div>\n\t\t\t\t\t<\/div>\n\t\t\t\t<\/div>\n\t\t<div class=\"elementor-element elementor-element-d11bc56 e-flex e-con-boxed e-con e-parent\" data-id=\"d11bc56\" data-element_type=\"container\" data-e-type=\"container\">\n\t\t\t\t\t<div class=\"e-con-inner\">\n\t\t\t\t<div class=\"elementor-element elementor-element-3c3ce2b elementor-widget__width-initial elementor-widget elementor-widget-text-editor\" data-id=\"3c3ce2b\" data-element_type=\"widget\" data-e-type=\"widget\" data-widget_type=\"text-editor.default\">\n\t\t\t\t\t\t\t\t\t<h5><strong><span style=\"color: #ff0000;\" data-teams=\"true\">L\u2019union fait la force<\/span><\/strong><\/h5><p><span data-teams=\"true\"> Be Alarme vous offre d\u2019avoir une force face \u00e0 votre cambrioleur quand votre s\u00e9curit\u00e9 ne repose que sur une seule t\u00e9l\u00e9surveillance d\u00e9faillante en termes de r\u00e9action \u00e0 la seconde. Be Alarme vous offre de multiplier l\u2019information \u00e0 la seconde d\u2019une alarme \u00e0 un ensemble de smartphones agissant comme un seul homme.<\/span><\/p>\t\t\t\t\t\t\t\t<\/div>\n\t\t\t\t\t<\/div>\n\t\t\t\t<\/div>\n\t\t<div class=\"elementor-element elementor-element-f50c42d e-flex e-con-boxed e-con e-parent\" data-id=\"f50c42d\" data-element_type=\"container\" data-e-type=\"container\">\n\t\t\t\t\t<div class=\"e-con-inner\">\n\t\t\t\t<div class=\"elementor-element elementor-element-86936ec elementor-widget__width-initial elementor-widget elementor-widget-text-editor\" data-id=\"86936ec\" data-element_type=\"widget\" data-e-type=\"widget\" data-widget_type=\"text-editor.default\">\n\t\t\t\t\t\t\t\t\t<p><span data-teams=\"true\">Avec <strong><span style=\"color: #ff0000;\">Be Alarme <\/span><\/strong>, votre syst\u00e8me d\u2019alarme devient un outil r\u00e9actif et dissuasif, un syst\u00e8me op\u00e9rationnel qui informe la police sans interm\u00e9diaire en direct, et non plus un simple constat d\u2019impuissance que vous avez d\u00e9j\u00e0 \u00e9t\u00e9 cambriol\u00e9 comme les centres de t\u00e9l\u00e9surveillance vous offrent en payant inutilement un interm\u00e9diaire pour vous informer des minutes apr\u00e8s que le voleur est d\u00e9j\u00e0 reparti.<\/span><\/p>\t\t\t\t\t\t\t\t<\/div>\n\t\t\t\t\t<\/div>\n\t\t\t\t<\/div>\n\t\t<div class=\"elementor-element elementor-element-c6e98f6 e-flex e-con-boxed e-con e-parent\" data-id=\"c6e98f6\" data-element_type=\"container\" data-e-type=\"container\">\n\t\t\t\t\t<div class=\"e-con-inner\">\n\t\t\t\t<div class=\"elementor-element elementor-element-d9924ef elementor-widget__width-initial elementor-widget elementor-widget-text-editor\" data-id=\"d9924ef\" data-element_type=\"widget\" data-e-type=\"widget\" data-widget_type=\"text-editor.default\">\n\t\t\t\t\t\t\t\t\t<p><span data-teams=\"true\"><span style=\"color: #ff0000;\"><strong>Be Alarme<\/strong><\/span> est le logiciel de s\u00e9curit\u00e9 indispensable \u00e0 votre s\u00e9curit\u00e9. Si vous souhaitez avoir une chance r\u00e9elle d\u2019interpeller un cambrioleur dans les minutes suivant son passage, il vous faut pouvoir informer les services de police dans les plus brefs d\u00e9lais, de mani\u00e8re optimale et conforme \u00e0 la loi, sans perdre votre temps et votre argent avec des syst\u00e8mes t\u00e9l\u00e9surveill\u00e9s.<\/span><\/p>\t\t\t\t\t\t\t\t<\/div>\n\t\t\t\t\t<\/div>\n\t\t\t\t<\/div>\n\t\t<div class=\"elementor-element elementor-element-3b07420 e-con-full e-flex e-con e-parent\" data-id=\"3b07420\" data-element_type=\"container\" data-e-type=\"container\">\n\t\t<div class=\"elementor-element elementor-element-dae0777 e-con-full e-flex e-con e-child\" data-id=\"dae0777\" data-element_type=\"container\" data-e-type=\"container\">\n\t\t\t\t<div class=\"elementor-element elementor-element-6b2b731 elementor-align-left elementor-widget-mobile__width-inherit elementor-mobile-align-justify elementor-widget elementor-widget-button\" data-id=\"6b2b731\" data-element_type=\"widget\" data-e-type=\"widget\" data-widget_type=\"button.default\">\n\t\t\t\t\t\t\t\t\t\t<a class=\"elementor-button elementor-button-link elementor-size-sm\" href=\"https:\/\/myalarme.be\/index.php\/jai-deja-un-systeme-dalarme\/\" target=\"_blank\">\n\t\t\t\t\t\t<span class=\"elementor-button-content-wrapper\">\n\t\t\t\t\t\t\t\t\t<span class=\"elementor-button-text\">J'ai d\u00e9j\u00e0 un syst\u00e8me install\u00e9 <\/span>\n\t\t\t\t\t<\/span>\n\t\t\t\t\t<\/a>\n\t\t\t\t\t\t\t\t<\/div>\n\t\t\t\t<\/div>\n\t\t<div class=\"elementor-element elementor-element-ddcc98d e-con-full e-flex e-con e-child\" data-id=\"ddcc98d\" data-element_type=\"container\" data-e-type=\"container\">\n\t\t\t\t<div class=\"elementor-element elementor-element-2c08733 elementor-align--mobilecenter elementor-widget__width-initial elementor-align-center elementor-widget elementor-widget-elementskit-button\" data-id=\"2c08733\" data-element_type=\"widget\" data-e-type=\"widget\" data-widget_type=\"elementskit-button.default\">\n\t\t\t\t\t<div class=\"ekit-wid-con\" >\t\t<div class=\"ekit-btn-wraper\">\n\t\t\t\t\t\t\t<a href=\"https:\/\/myalarme.be\/index.php\/contact\/\" class=\"elementskit-btn  whitespace--normal\" id=\"\">\n\t\t\t\t\tDEVIS\t\t\t\t<\/a>\n\t\t\t\t\t<\/div>\n        <\/div>\t\t\t\t<\/div>\n\t\t\t\t<\/div>\n\t\t<div class=\"elementor-element elementor-element-2d2f5bb e-con-full e-flex e-con e-child\" data-id=\"2d2f5bb\" data-element_type=\"container\" data-e-type=\"container\">\n\t\t\t\t<div class=\"elementor-element elementor-element-aaff4d5 elementor-align-left elementor-mobile-align-justify elementor-widget-mobile__width-inherit elementor-widget elementor-widget-button\" data-id=\"aaff4d5\" data-element_type=\"widget\" data-e-type=\"widget\" data-widget_type=\"button.default\">\n\t\t\t\t\t\t\t\t\t\t<a class=\"elementor-button elementor-button-link elementor-size-sm\" href=\"https:\/\/myalarme.be\/index.php\/je-nai-pas-de-systeme-dalarme\/\">\n\t\t\t\t\t\t<span class=\"elementor-button-content-wrapper\">\n\t\t\t\t\t\t\t\t\t<span class=\"elementor-button-text\">J'ai pas encore un syst\u00e8me <\/span>\n\t\t\t\t\t<\/span>\n\t\t\t\t\t<\/a>\n\t\t\t\t\t\t\t\t<\/div>\n\t\t\t\t<\/div>\n\t\t\t\t<\/div>\n\t\t\t\t<\/div>\n\t\t","protected":false},"excerpt":{"rendered":"<p>Le dispositif Be Alarme repose sur un ensemble de technologies innovantes vous permettant d\u2019associer vos diff\u00e9rents syst\u00e8mes de s\u00e9curit\u00e9 en une entit\u00e9 unique. Gr\u00e2ce au serveur By Alerte, vous b\u00e9n\u00e9ficiez&hellip;<\/p>\n","protected":false},"author":2,"featured_media":0,"parent":0,"menu_order":0,"comment_status":"closed","ping_status":"closed","template":"elementor_header_footer","meta":{"footnotes":""},"class_list":["post-2180","page","type-page","status-publish","hentry"],"yoast_head":"<!-- This site is optimized with the Yoast SEO Premium plugin v25.4 (Yoast SEO v27.5) - https:\/\/yoast.com\/product\/yoast-seo-premium-wordpress\/ -->\n<title>BeAlarme - MyAlarme<\/title>\n<meta name=\"robots\" content=\"index, follow, max-snippet:-1, max-image-preview:large, max-video-preview:-1\" \/>\n<link rel=\"canonical\" href=\"https:\/\/myalarme.be\/index.php\/bealarme\/\" \/>\n<meta property=\"og:locale\" content=\"fr_FR\" \/>\n<meta property=\"og:type\" content=\"article\" \/>\n<meta property=\"og:title\" content=\"BeAlarme\" \/>\n<meta property=\"og:description\" content=\"Le dispositif Be Alarme repose sur un ensemble de technologies innovantes vous permettant d\u2019associer vos diff\u00e9rents syst\u00e8mes de s\u00e9curit\u00e9 en une entit\u00e9 unique. Gr\u00e2ce au serveur By Alerte, vous b\u00e9n\u00e9ficiez&hellip;\" \/>\n<meta property=\"og:url\" content=\"https:\/\/myalarme.be\/index.php\/bealarme\/\" \/>\n<meta property=\"og:site_name\" content=\"MyAlarme\" \/>\n<meta property=\"article:modified_time\" content=\"2025-08-29T13:57:57+00:00\" \/>\n<meta property=\"og:image\" content=\"https:\/\/myalarme.be\/wp-content\/uploads\/2025\/08\/Page-BeAlarme-1024x480.png\" \/>\n\t<meta property=\"og:image:width\" content=\"1024\" \/>\n\t<meta property=\"og:image:height\" content=\"480\" \/>\n\t<meta property=\"og:image:type\" content=\"image\/png\" \/>\n<meta name=\"twitter:card\" content=\"summary_large_image\" \/>\n<meta name=\"twitter:label1\" content=\"Dur\u00e9e de lecture est.\" \/>\n\t<meta name=\"twitter:data1\" content=\"4 minutes\" \/>\n<script type=\"application\/ld+json\" class=\"yoast-schema-graph\">{\"@context\":\"https:\\\/\\\/schema.org\",\"@graph\":[{\"@type\":\"WebPage\",\"@id\":\"https:\\\/\\\/myalarme.be\\\/index.php\\\/bealarme\\\/\",\"url\":\"https:\\\/\\\/myalarme.be\\\/index.php\\\/bealarme\\\/\",\"name\":\"BeAlarme - MyAlarme\",\"isPartOf\":{\"@id\":\"https:\\\/\\\/myalarme.be\\\/#website\"},\"primaryImageOfPage\":{\"@id\":\"https:\\\/\\\/myalarme.be\\\/index.php\\\/bealarme\\\/#primaryimage\"},\"image\":{\"@id\":\"https:\\\/\\\/myalarme.be\\\/index.php\\\/bealarme\\\/#primaryimage\"},\"thumbnailUrl\":\"https:\\\/\\\/myalarme.be\\\/wp-content\\\/uploads\\\/2025\\\/08\\\/Page-BeAlarme-1024x480.png\",\"datePublished\":\"2025-08-26T13:00:23+00:00\",\"dateModified\":\"2025-08-29T13:57:57+00:00\",\"breadcrumb\":{\"@id\":\"https:\\\/\\\/myalarme.be\\\/index.php\\\/bealarme\\\/#breadcrumb\"},\"inLanguage\":\"fr-BE\",\"potentialAction\":[{\"@type\":\"ReadAction\",\"target\":[\"https:\\\/\\\/myalarme.be\\\/index.php\\\/bealarme\\\/\"]}]},{\"@type\":\"ImageObject\",\"inLanguage\":\"fr-BE\",\"@id\":\"https:\\\/\\\/myalarme.be\\\/index.php\\\/bealarme\\\/#primaryimage\",\"url\":\"https:\\\/\\\/myalarme.be\\\/wp-content\\\/uploads\\\/2025\\\/08\\\/Page-BeAlarme.png\",\"contentUrl\":\"https:\\\/\\\/myalarme.be\\\/wp-content\\\/uploads\\\/2025\\\/08\\\/Page-BeAlarme.png\",\"width\":1920,\"height\":900},{\"@type\":\"BreadcrumbList\",\"@id\":\"https:\\\/\\\/myalarme.be\\\/index.php\\\/bealarme\\\/#breadcrumb\",\"itemListElement\":[{\"@type\":\"ListItem\",\"position\":1,\"name\":\"Accueil\",\"item\":\"https:\\\/\\\/myalarme.be\\\/\"},{\"@type\":\"ListItem\",\"position\":2,\"name\":\"BeAlarme\"}]},{\"@type\":\"WebSite\",\"@id\":\"https:\\\/\\\/myalarme.be\\\/#website\",\"url\":\"https:\\\/\\\/myalarme.be\\\/\",\"name\":\"MyAlarme\",\"description\":\"\",\"publisher\":{\"@id\":\"https:\\\/\\\/myalarme.be\\\/#organization\"},\"potentialAction\":[{\"@type\":\"SearchAction\",\"target\":{\"@type\":\"EntryPoint\",\"urlTemplate\":\"https:\\\/\\\/myalarme.be\\\/?s={search_term_string}\"},\"query-input\":{\"@type\":\"PropertyValueSpecification\",\"valueRequired\":true,\"valueName\":\"search_term_string\"}}],\"inLanguage\":\"fr-BE\"},{\"@type\":\"Organization\",\"@id\":\"https:\\\/\\\/myalarme.be\\\/#organization\",\"name\":\"MyAlarme\",\"url\":\"https:\\\/\\\/myalarme.be\\\/\",\"logo\":{\"@type\":\"ImageObject\",\"inLanguage\":\"fr-BE\",\"@id\":\"https:\\\/\\\/myalarme.be\\\/#\\\/schema\\\/logo\\\/image\\\/\",\"url\":\"https:\\\/\\\/myalarme.be\\\/wp-content\\\/uploads\\\/2025\\\/07\\\/cropped-Sans-titre-noblanc2.png\",\"contentUrl\":\"https:\\\/\\\/myalarme.be\\\/wp-content\\\/uploads\\\/2025\\\/07\\\/cropped-Sans-titre-noblanc2.png\",\"width\":1250,\"height\":280,\"caption\":\"MyAlarme\"},\"image\":{\"@id\":\"https:\\\/\\\/myalarme.be\\\/#\\\/schema\\\/logo\\\/image\\\/\"}}]}<\/script>\n<!-- \/ Yoast SEO Premium plugin. -->","yoast_head_json":{"title":"BeAlarme - MyAlarme","robots":{"index":"index","follow":"follow","max-snippet":"max-snippet:-1","max-image-preview":"max-image-preview:large","max-video-preview":"max-video-preview:-1"},"canonical":"https:\/\/myalarme.be\/index.php\/bealarme\/","og_locale":"fr_FR","og_type":"article","og_title":"BeAlarme","og_description":"Le dispositif Be Alarme repose sur un ensemble de technologies innovantes vous permettant d\u2019associer vos diff\u00e9rents syst\u00e8mes de s\u00e9curit\u00e9 en une entit\u00e9 unique. Gr\u00e2ce au serveur By Alerte, vous b\u00e9n\u00e9ficiez&hellip;","og_url":"https:\/\/myalarme.be\/index.php\/bealarme\/","og_site_name":"MyAlarme","article_modified_time":"2025-08-29T13:57:57+00:00","og_image":[{"width":1024,"height":480,"url":"https:\/\/myalarme.be\/wp-content\/uploads\/2025\/08\/Page-BeAlarme-1024x480.png","type":"image\/png"}],"twitter_card":"summary_large_image","twitter_misc":{"Dur\u00e9e de lecture est.":"4 minutes"},"schema":{"@context":"https:\/\/schema.org","@graph":[{"@type":"WebPage","@id":"https:\/\/myalarme.be\/index.php\/bealarme\/","url":"https:\/\/myalarme.be\/index.php\/bealarme\/","name":"BeAlarme - MyAlarme","isPartOf":{"@id":"https:\/\/myalarme.be\/#website"},"primaryImageOfPage":{"@id":"https:\/\/myalarme.be\/index.php\/bealarme\/#primaryimage"},"image":{"@id":"https:\/\/myalarme.be\/index.php\/bealarme\/#primaryimage"},"thumbnailUrl":"https:\/\/myalarme.be\/wp-content\/uploads\/2025\/08\/Page-BeAlarme-1024x480.png","datePublished":"2025-08-26T13:00:23+00:00","dateModified":"2025-08-29T13:57:57+00:00","breadcrumb":{"@id":"https:\/\/myalarme.be\/index.php\/bealarme\/#breadcrumb"},"inLanguage":"fr-BE","potentialAction":[{"@type":"ReadAction","target":["https:\/\/myalarme.be\/index.php\/bealarme\/"]}]},{"@type":"ImageObject","inLanguage":"fr-BE","@id":"https:\/\/myalarme.be\/index.php\/bealarme\/#primaryimage","url":"https:\/\/myalarme.be\/wp-content\/uploads\/2025\/08\/Page-BeAlarme.png","contentUrl":"https:\/\/myalarme.be\/wp-content\/uploads\/2025\/08\/Page-BeAlarme.png","width":1920,"height":900},{"@type":"BreadcrumbList","@id":"https:\/\/myalarme.be\/index.php\/bealarme\/#breadcrumb","itemListElement":[{"@type":"ListItem","position":1,"name":"Accueil","item":"https:\/\/myalarme.be\/"},{"@type":"ListItem","position":2,"name":"BeAlarme"}]},{"@type":"WebSite","@id":"https:\/\/myalarme.be\/#website","url":"https:\/\/myalarme.be\/","name":"MyAlarme","description":"","publisher":{"@id":"https:\/\/myalarme.be\/#organization"},"potentialAction":[{"@type":"SearchAction","target":{"@type":"EntryPoint","urlTemplate":"https:\/\/myalarme.be\/?s={search_term_string}"},"query-input":{"@type":"PropertyValueSpecification","valueRequired":true,"valueName":"search_term_string"}}],"inLanguage":"fr-BE"},{"@type":"Organization","@id":"https:\/\/myalarme.be\/#organization","name":"MyAlarme","url":"https:\/\/myalarme.be\/","logo":{"@type":"ImageObject","inLanguage":"fr-BE","@id":"https:\/\/myalarme.be\/#\/schema\/logo\/image\/","url":"https:\/\/myalarme.be\/wp-content\/uploads\/2025\/07\/cropped-Sans-titre-noblanc2.png","contentUrl":"https:\/\/myalarme.be\/wp-content\/uploads\/2025\/07\/cropped-Sans-titre-noblanc2.png","width":1250,"height":280,"caption":"MyAlarme"},"image":{"@id":"https:\/\/myalarme.be\/#\/schema\/logo\/image\/"}}]}},"_links":{"self":[{"href":"https:\/\/myalarme.be\/index.php\/wp-json\/wp\/v2\/pages\/2180","targetHints":{"allow":["GET"]}}],"collection":[{"href":"https:\/\/myalarme.be\/index.php\/wp-json\/wp\/v2\/pages"}],"about":[{"href":"https:\/\/myalarme.be\/index.php\/wp-json\/wp\/v2\/types\/page"}],"author":[{"embeddable":true,"href":"https:\/\/myalarme.be\/index.php\/wp-json\/wp\/v2\/users\/2"}],"replies":[{"embeddable":true,"href":"https:\/\/myalarme.be\/index.php\/wp-json\/wp\/v2\/comments?post=2180"}],"version-history":[{"count":7,"href":"https:\/\/myalarme.be\/index.php\/wp-json\/wp\/v2\/pages\/2180\/revisions"}],"predecessor-version":[{"id":2219,"href":"https:\/\/myalarme.be\/index.php\/wp-json\/wp\/v2\/pages\/2180\/revisions\/2219"}],"wp:attachment":[{"href":"https:\/\/myalarme.be\/index.php\/wp-json\/wp\/v2\/media?parent=2180"}],"curies":[{"name":"wp","href":"https:\/\/api.w.org\/{rel}","templated":true}]}}