{"id":944,"date":"2025-08-04T12:01:48","date_gmt":"2025-08-04T12:01:48","guid":{"rendered":"https:\/\/myalarme.be\/?page_id=944"},"modified":"2025-11-24T07:57:09","modified_gmt":"2025-11-24T07:57:09","slug":"je-nai-pas-de-systeme-dalarme","status":"publish","type":"page","link":"https:\/\/myalarme.be\/index.php\/je-nai-pas-de-systeme-dalarme\/","title":{"rendered":"Je n\u2019ai pas de syst\u00e8me d\u2019alarme"},"content":{"rendered":"\t\t<div data-elementor-type=\"wp-page\" data-elementor-id=\"944\" class=\"elementor elementor-944\">\n\t\t\t\t<div class=\"elementor-element elementor-element-4afb584 e-con-full e-flex e-con e-parent\" data-id=\"4afb584\" data-element_type=\"container\" data-e-type=\"container\">\n\t\t\t\t<div class=\"elementor-element elementor-element-09b8f42 elementor-widget elementor-widget-image\" data-id=\"09b8f42\" data-element_type=\"widget\" data-e-type=\"widget\" data-widget_type=\"image.default\">\n\t\t\t\t\t\t\t\t\t\t\t\t\t\t\t<img fetchpriority=\"high\" decoding=\"async\" width=\"1024\" height=\"480\" src=\"https:\/\/myalarme.be\/wp-content\/uploads\/2025\/08\/tmp_b0a111a1-2dcd-4a73-858e-0aae6295f947-2-1024x480.png\" class=\"attachment-large size-large wp-image-1042\" alt=\"\" srcset=\"https:\/\/myalarme.be\/wp-content\/uploads\/2025\/08\/tmp_b0a111a1-2dcd-4a73-858e-0aae6295f947-2-1024x480.png 1024w, https:\/\/myalarme.be\/wp-content\/uploads\/2025\/08\/tmp_b0a111a1-2dcd-4a73-858e-0aae6295f947-2-300x141.png 300w, https:\/\/myalarme.be\/wp-content\/uploads\/2025\/08\/tmp_b0a111a1-2dcd-4a73-858e-0aae6295f947-2-768x360.png 768w, https:\/\/myalarme.be\/wp-content\/uploads\/2025\/08\/tmp_b0a111a1-2dcd-4a73-858e-0aae6295f947-2-1536x720.png 1536w, https:\/\/myalarme.be\/wp-content\/uploads\/2025\/08\/tmp_b0a111a1-2dcd-4a73-858e-0aae6295f947-2-e1754474673960.png 853w\" sizes=\"(max-width: 1024px) 100vw, 1024px\" \/>\t\t\t\t\t\t\t\t\t\t\t\t\t\t\t<\/div>\n\t\t\t\t<div class=\"elementor-element elementor-element-73b2dc6 elementor-widget__width-initial elementor-absolute elementor-widget elementor-widget-elementskit-heading\" data-id=\"73b2dc6\" data-element_type=\"widget\" data-e-type=\"widget\" data-settings=\"{&quot;_position&quot;:&quot;absolute&quot;}\" data-widget_type=\"elementskit-heading.default\">\n\t\t\t\t\t<div class=\"ekit-wid-con\" ><div class=\"ekit-heading elementskit-section-title-wraper text_left   ekit_heading_tablet-   ekit_heading_mobile-\"><h2 class=\"ekit-heading--title elementskit-section-title \">Je n\u2019ai pas encore un syst\u00e8me install\u00e9<\/h2><\/div><\/div>\t\t\t\t<\/div>\n\t\t\t\t<\/div>\n\t\t<div class=\"elementor-element elementor-element-c4f6673 e-flex e-con-boxed e-con e-parent\" data-id=\"c4f6673\" data-element_type=\"container\" data-e-type=\"container\">\n\t\t\t\t\t<div class=\"e-con-inner\">\n\t\t\t\t<div class=\"elementor-element elementor-element-afe70d4 elementor-widget elementor-widget-video\" data-id=\"afe70d4\" data-element_type=\"widget\" data-e-type=\"widget\" data-settings=\"{&quot;youtube_url&quot;:&quot;https:\\\/\\\/youtu.be\\\/05Z67FRc5BQ&quot;,&quot;video_type&quot;:&quot;youtube&quot;,&quot;controls&quot;:&quot;yes&quot;}\" data-widget_type=\"video.default\">\n\t\t\t\t\t\t\t<div class=\"elementor-wrapper elementor-open-inline\">\n\t\t\t<div class=\"elementor-video\"><\/div>\t\t<\/div>\n\t\t\t\t\t\t<\/div>\n\t\t\t\t\t<\/div>\n\t\t\t\t<\/div>\n\t\t<div class=\"elementor-element elementor-element-faad0c8 e-flex e-con-boxed e-con e-parent\" data-id=\"faad0c8\" data-element_type=\"container\" data-e-type=\"container\">\n\t\t\t\t\t<div class=\"e-con-inner\">\n\t\t\t\t<div class=\"elementor-element elementor-element-cf76010 elementor-widget elementor-widget-text-editor\" data-id=\"cf76010\" data-element_type=\"widget\" data-e-type=\"widget\" data-widget_type=\"text-editor.default\">\n\t\t\t\t\t\t\t\t\t<p>Vous ne disposez tout simplement pas d\u2019un syst\u00e8me d\u2019alarme ou de vid\u00e9osurveillance ? Ou vous pensez que votre syst\u00e8me actuel n\u2019est pas compatible ? Aucun probl\u00e8me, <strong>My<a href=\"https:\/\/myalarme.be\/\"><span style=\"color: #ff0000;\">Alarme<sup>TM<\/sup><\/span><\/a><\/strong> peut vous offrir une solution cl\u00e9 en main en vous mettant gratuitement \u00e0 disposition un syst\u00e8me qui vous permet de disposer d\u2019un syst\u00e8me d\u2019alarme compatible avec la technologie Be<a href=\"https:\/\/myalarme.be\/index.php\/bealarme-2\/\"><strong><span style=\"color: #ff0000;\">Alarme<sup>TM<\/sup><\/span><\/strong><\/a>.<\/p>\t\t\t\t\t\t\t\t<\/div>\n\t\t\t\t<div class=\"elementor-element elementor-element-9890fc6 elementor-widget elementor-widget-text-editor\" data-id=\"9890fc6\" data-element_type=\"widget\" data-e-type=\"widget\" data-widget_type=\"text-editor.default\">\n\t\t\t\t\t\t\t\t\t<p>Cette technologie d\u2019alerte directe vous offre une alerte directement sur votre smartphone, sans l\u2019interm\u00e9diaire d\u2019un <a href=\"https:\/\/myalarme.be\/index.php\/maillon-faible\/\"><strong><span style=\"color: #0000ff;\">maillon faible<\/span><\/strong><\/a>\u00a0 comme\u00a0 <a href=\"https:\/\/myalarme.be\/index.php\/maillon-faible\/\"><strong><span style=\"color: #0000ff;\">les services de t\u00e9l\u00e9surveillance<\/span><\/strong> <\/a>, qui retardent consid\u00e9rablement l\u2019intervention des services de police lors d\u2019une effraction.<\/p>\t\t\t\t\t\t\t\t<\/div>\n\t\t\t\t<div class=\"elementor-element elementor-element-9be903d elementor-widget elementor-widget-text-editor\" data-id=\"9be903d\" data-element_type=\"widget\" data-e-type=\"widget\" data-widget_type=\"text-editor.default\">\n\t\t\t\t\t\t\t\t\t<p>Sans rien devoir investir dans un \u00e9quipement, nous vous offrons gratuitement la mise \u00e0 disposition de mat\u00e9riel permettant de vous s\u00e9curiser, sans devoir investir des milliers d\u2019euros dans des syst\u00e8mes propos\u00e9s par un installateur d\u2019alarme, commissionn\u00e9 apr\u00e8s avec le contrat de raccordement vendu \u00e0 une centrale de\u00a0 <a href=\"https:\/\/myalarme.be\/index.php\/maillon-faible\/\"><strong><span style=\"color: #0000ff;\">t\u00e9l\u00e9surveillance inutile<\/span><\/strong><\/a> .<\/p>\t\t\t\t\t\t\t\t<\/div>\n\t\t\t\t<div class=\"elementor-element elementor-element-e15a5a8 elementor-widget elementor-widget-text-editor\" data-id=\"e15a5a8\" data-element_type=\"widget\" data-e-type=\"widget\" data-widget_type=\"text-editor.default\">\n\t\t\t\t\t\t\t\t\t<p>My<a href=\"https:\/\/myalarme.be\/\"><strong><span style=\"color: #ff0000;\">Alarme<sup>TM<\/sup><\/span><\/strong><\/a> vous offre un tout autre concept : une solution cl\u00e9 en main pour vous offrir la technologie du syst\u00e8me Be<a href=\"https:\/\/myalarme.be\/index.php\/bealarme-2\/\"><strong><span style=\"color: #ff0000;\">Alarme<sup>TM<\/sup><\/span><\/strong><\/a>, qui vous permet de vous informer sans interm\u00e9diaire inutile d\u2019une situation \u00e0 risque concernant votre bien. En payant votre licence logicielle \u00e0 la technologie Be<a href=\"https:\/\/myalarme.be\/index.php\/bealarme-2\/\"><strong><span style=\"color: #ff0000;\">Alarme<sup>TM<\/sup><\/span><\/strong><\/a>, vous transformez votre smartphone en un outil de s\u00e9curit\u00e9 unique \u2014 non pas un gadget, mais un dispositif professionnel qui fait toute la diff\u00e9rence entre une information et une r\u00e9action active.<\/p>\t\t\t\t\t\t\t\t<\/div>\n\t\t\t\t<div class=\"elementor-element elementor-element-de11168 elementor-widget elementor-widget-text-editor\" data-id=\"de11168\" data-element_type=\"widget\" data-e-type=\"widget\" data-widget_type=\"text-editor.default\">\n\t\t\t\t\t\t\t\t\t<p>My<strong><span style=\"color: #ff0000;\">Alarme<sup>TM<\/sup><\/span><\/strong> vous offre un tout autre concept : une solution cl\u00e9 en main pour vous offrir la technologie du syst\u00e8me Be<strong><span style=\"color: #ff0000;\">Alarme<sup>TM<\/sup><\/span><\/strong>, qui vous permet de vous informer sans interm\u00e9diaire inutile d\u2019une situation \u00e0 risque concernant votre bien. En payant votre licence logicielle \u00e0 la technologie Be<strong><span style=\"color: #ff0000;\">Alarme<sup>TM<\/sup><\/span><\/strong>, vous transformez votre smartphone en un outil de s\u00e9curit\u00e9 unique \u2014 non pas un gadget, mais un dispositif professionnel qui fait toute la diff\u00e9rence entre une information et une r\u00e9action active.<\/p>\t\t\t\t\t\t\t\t<\/div>\n\t\t\t\t\t<\/div>\n\t\t\t\t<\/div>\n\t\t<div class=\"elementor-element elementor-element-8835d9d e-con-full e-flex e-con e-parent\" data-id=\"8835d9d\" data-element_type=\"container\" data-e-type=\"container\">\n\t\t\t\t<div class=\"elementor-element elementor-element-c220618 elementor-widget elementor-widget-heading\" data-id=\"c220618\" data-element_type=\"widget\" data-e-type=\"widget\" data-widget_type=\"heading.default\">\n\t\t\t\t\t<h2 class=\"elementor-heading-title elementor-size-default\">Ne perdez pas de temps et sollicitez un audit technique de votre situation en prenant contact avec nos services.<\/h2>\t\t\t\t<\/div>\n\t\t\t\t<\/div>\n\t\t<div class=\"elementor-element elementor-element-5420b6b e-con-full e-flex e-con e-parent\" data-id=\"5420b6b\" data-element_type=\"container\" data-e-type=\"container\">\n\t\t<div class=\"elementor-element elementor-element-28d03ff e-con-full e-flex e-con e-child\" data-id=\"28d03ff\" data-element_type=\"container\" data-e-type=\"container\">\n\t\t\t\t<div class=\"elementor-element elementor-element-44e04e7 elementor-align-justify elementor-widget elementor-widget-button\" data-id=\"44e04e7\" data-element_type=\"widget\" data-e-type=\"widget\" data-widget_type=\"button.default\">\n\t\t\t\t\t\t\t\t\t\t<a class=\"elementor-button elementor-button-link elementor-size-sm\" href=\"https:\/\/myalarme.be\/index.php\/jai-deja-un-systeme-dalarme\/\">\n\t\t\t\t\t\t<span class=\"elementor-button-content-wrapper\">\n\t\t\t\t\t\t\t\t\t<span class=\"elementor-button-text\">J'ai d\u00e9j\u00e0 installer un syst\u00e8me d'alarme  <\/span>\n\t\t\t\t\t<\/span>\n\t\t\t\t\t<\/a>\n\t\t\t\t\t\t\t\t<\/div>\n\t\t\t\t<\/div>\n\t\t<div class=\"elementor-element elementor-element-2c97748 e-con-full e-flex e-con e-child\" data-id=\"2c97748\" data-element_type=\"container\" data-e-type=\"container\">\n\t\t\t\t<div class=\"elementor-element elementor-element-584e1a6 elementor-align-center elementor-mobile-align-center elementor-widget elementor-widget-button\" data-id=\"584e1a6\" data-element_type=\"widget\" data-e-type=\"widget\" data-widget_type=\"button.default\">\n\t\t\t\t\t\t\t\t\t\t<a class=\"elementor-button elementor-button-link elementor-size-sm\" href=\"https:\/\/myalarme.be\/index.php\/contact\/\">\n\t\t\t\t\t\t<span class=\"elementor-button-content-wrapper\">\n\t\t\t\t\t\t\t\t\t<span class=\"elementor-button-text\">DEVIS<\/span>\n\t\t\t\t\t<\/span>\n\t\t\t\t\t<\/a>\n\t\t\t\t\t\t\t\t<\/div>\n\t\t\t\t<\/div>\n\t\t<div class=\"elementor-element elementor-element-3894d69 e-con-full e-flex e-con e-child\" data-id=\"3894d69\" data-element_type=\"container\" data-e-type=\"container\">\n\t\t\t\t<div class=\"elementor-element elementor-element-6390160 elementor-align-left elementor-mobile-align-justify elementor-widget elementor-widget-button\" data-id=\"6390160\" data-element_type=\"widget\" data-e-type=\"widget\" data-widget_type=\"button.default\">\n\t\t\t\t\t\t\t\t\t\t<a class=\"elementor-button elementor-button-link elementor-size-sm\" href=\"https:\/\/myalarme.be\/index.php\/je-nai-pas-de-systeme-dalarme\/\">\n\t\t\t\t\t\t<span class=\"elementor-button-content-wrapper\">\n\t\t\t\t\t\t\t\t\t<span class=\"elementor-button-text\">J'ai pas encore un syst\u00e8me d'alarme<\/span>\n\t\t\t\t\t<\/span>\n\t\t\t\t\t<\/a>\n\t\t\t\t\t\t\t\t<\/div>\n\t\t\t\t<\/div>\n\t\t\t\t<\/div>\n\t\t\t\t<\/div>\n\t\t","protected":false},"excerpt":{"rendered":"<p>Je n\u2019ai pas encore un syst\u00e8me install\u00e9 https:\/\/youtu.be\/05Z67FRc5BQ Vous ne disposez tout simplement pas d\u2019un syst\u00e8me d\u2019alarme ou de vid\u00e9osurveillance ? Ou vous pensez que votre syst\u00e8me actuel n\u2019est pas&hellip;<\/p>\n","protected":false},"author":2,"featured_media":960,"parent":0,"menu_order":0,"comment_status":"closed","ping_status":"closed","template":"elementor_header_footer","meta":{"footnotes":""},"class_list":["post-944","page","type-page","status-publish","has-post-thumbnail","hentry"],"yoast_head":"<!-- This site is optimized with the Yoast SEO Premium plugin v25.4 (Yoast SEO v27.5) - https:\/\/yoast.com\/product\/yoast-seo-premium-wordpress\/ -->\n<title>Syst\u00e8me alarme : une solution s\u00e9curis\u00e9e et accessible - MyAlarme<\/title>\n<meta name=\"description\" content=\"Vous ne disposez pas un syst\u00e8me d\u2019alarme, en vous mettant gratuitement \u00e0 disposition un syst\u00e8me compatible avec la technologie BeAlarme\" \/>\n<meta name=\"robots\" content=\"index, follow, max-snippet:-1, max-image-preview:large, max-video-preview:-1\" \/>\n<link rel=\"canonical\" href=\"https:\/\/myalarme.be\/index.php\/je-nai-pas-de-systeme-dalarme\/\" \/>\n<meta property=\"og:locale\" content=\"fr_FR\" \/>\n<meta property=\"og:type\" content=\"article\" \/>\n<meta property=\"og:title\" content=\"Je n\u2019ai pas de syst\u00e8me d\u2019alarme\" \/>\n<meta property=\"og:description\" content=\"Vous ne disposez pas un syst\u00e8me d\u2019alarme, en vous mettant gratuitement \u00e0 disposition un syst\u00e8me compatible avec la technologie BeAlarme\" \/>\n<meta property=\"og:url\" content=\"https:\/\/myalarme.be\/index.php\/je-nai-pas-de-systeme-dalarme\/\" \/>\n<meta property=\"og:site_name\" content=\"MyAlarme\" \/>\n<meta property=\"article:modified_time\" content=\"2025-11-24T07:57:09+00:00\" \/>\n<meta property=\"og:image\" content=\"https:\/\/myalarme.be\/wp-content\/uploads\/2025\/08\/tmp_a4654c67-54d3-49f9-8686-e0106bec0af1-e1754317839283.png\" \/>\n\t<meta property=\"og:image:width\" content=\"1067\" \/>\n\t<meta property=\"og:image:height\" content=\"500\" \/>\n\t<meta property=\"og:image:type\" content=\"image\/png\" \/>\n<meta name=\"twitter:card\" content=\"summary_large_image\" \/>\n<meta name=\"twitter:label1\" content=\"Dur\u00e9e de lecture est.\" \/>\n\t<meta name=\"twitter:data1\" content=\"2 minutes\" \/>\n<script type=\"application\/ld+json\" class=\"yoast-schema-graph\">{\"@context\":\"https:\\\/\\\/schema.org\",\"@graph\":[{\"@type\":\"WebPage\",\"@id\":\"https:\\\/\\\/myalarme.be\\\/index.php\\\/je-nai-pas-de-systeme-dalarme\\\/\",\"url\":\"https:\\\/\\\/myalarme.be\\\/index.php\\\/je-nai-pas-de-systeme-dalarme\\\/\",\"name\":\"Syst\u00e8me alarme : une solution s\u00e9curis\u00e9e et accessible - MyAlarme\",\"isPartOf\":{\"@id\":\"https:\\\/\\\/myalarme.be\\\/#website\"},\"primaryImageOfPage\":{\"@id\":\"https:\\\/\\\/myalarme.be\\\/index.php\\\/je-nai-pas-de-systeme-dalarme\\\/#primaryimage\"},\"image\":{\"@id\":\"https:\\\/\\\/myalarme.be\\\/index.php\\\/je-nai-pas-de-systeme-dalarme\\\/#primaryimage\"},\"thumbnailUrl\":\"https:\\\/\\\/myalarme.be\\\/wp-content\\\/uploads\\\/2025\\\/08\\\/tmp_a4654c67-54d3-49f9-8686-e0106bec0af1-e1754317839283.png\",\"datePublished\":\"2025-08-04T12:01:48+00:00\",\"dateModified\":\"2025-11-24T07:57:09+00:00\",\"description\":\"Vous ne disposez pas un syst\u00e8me d\u2019alarme, en vous mettant gratuitement \u00e0 disposition un syst\u00e8me compatible avec la technologie BeAlarme\",\"breadcrumb\":{\"@id\":\"https:\\\/\\\/myalarme.be\\\/index.php\\\/je-nai-pas-de-systeme-dalarme\\\/#breadcrumb\"},\"inLanguage\":\"fr-BE\",\"potentialAction\":[{\"@type\":\"ReadAction\",\"target\":[\"https:\\\/\\\/myalarme.be\\\/index.php\\\/je-nai-pas-de-systeme-dalarme\\\/\"]}]},{\"@type\":\"ImageObject\",\"inLanguage\":\"fr-BE\",\"@id\":\"https:\\\/\\\/myalarme.be\\\/index.php\\\/je-nai-pas-de-systeme-dalarme\\\/#primaryimage\",\"url\":\"https:\\\/\\\/myalarme.be\\\/wp-content\\\/uploads\\\/2025\\\/08\\\/tmp_a4654c67-54d3-49f9-8686-e0106bec0af1-e1754317839283.png\",\"contentUrl\":\"https:\\\/\\\/myalarme.be\\\/wp-content\\\/uploads\\\/2025\\\/08\\\/tmp_a4654c67-54d3-49f9-8686-e0106bec0af1-e1754317839283.png\",\"width\":1067,\"height\":500},{\"@type\":\"BreadcrumbList\",\"@id\":\"https:\\\/\\\/myalarme.be\\\/index.php\\\/je-nai-pas-de-systeme-dalarme\\\/#breadcrumb\",\"itemListElement\":[{\"@type\":\"ListItem\",\"position\":1,\"name\":\"Accueil\",\"item\":\"https:\\\/\\\/myalarme.be\\\/\"},{\"@type\":\"ListItem\",\"position\":2,\"name\":\"Je n\u2019ai pas de syst\u00e8me d\u2019alarme\"}]},{\"@type\":\"WebSite\",\"@id\":\"https:\\\/\\\/myalarme.be\\\/#website\",\"url\":\"https:\\\/\\\/myalarme.be\\\/\",\"name\":\"MyAlarme\",\"description\":\"\",\"publisher\":{\"@id\":\"https:\\\/\\\/myalarme.be\\\/#organization\"},\"potentialAction\":[{\"@type\":\"SearchAction\",\"target\":{\"@type\":\"EntryPoint\",\"urlTemplate\":\"https:\\\/\\\/myalarme.be\\\/?s={search_term_string}\"},\"query-input\":{\"@type\":\"PropertyValueSpecification\",\"valueRequired\":true,\"valueName\":\"search_term_string\"}}],\"inLanguage\":\"fr-BE\"},{\"@type\":\"Organization\",\"@id\":\"https:\\\/\\\/myalarme.be\\\/#organization\",\"name\":\"MyAlarme\",\"url\":\"https:\\\/\\\/myalarme.be\\\/\",\"logo\":{\"@type\":\"ImageObject\",\"inLanguage\":\"fr-BE\",\"@id\":\"https:\\\/\\\/myalarme.be\\\/#\\\/schema\\\/logo\\\/image\\\/\",\"url\":\"https:\\\/\\\/myalarme.be\\\/wp-content\\\/uploads\\\/2025\\\/07\\\/cropped-Sans-titre-noblanc2.png\",\"contentUrl\":\"https:\\\/\\\/myalarme.be\\\/wp-content\\\/uploads\\\/2025\\\/07\\\/cropped-Sans-titre-noblanc2.png\",\"width\":1250,\"height\":280,\"caption\":\"MyAlarme\"},\"image\":{\"@id\":\"https:\\\/\\\/myalarme.be\\\/#\\\/schema\\\/logo\\\/image\\\/\"}}]}<\/script>\n<!-- \/ Yoast SEO Premium plugin. -->","yoast_head_json":{"title":"Syst\u00e8me alarme : une solution s\u00e9curis\u00e9e et accessible - MyAlarme","description":"Vous ne disposez pas un syst\u00e8me d\u2019alarme, en vous mettant gratuitement \u00e0 disposition un syst\u00e8me compatible avec la technologie BeAlarme","robots":{"index":"index","follow":"follow","max-snippet":"max-snippet:-1","max-image-preview":"max-image-preview:large","max-video-preview":"max-video-preview:-1"},"canonical":"https:\/\/myalarme.be\/index.php\/je-nai-pas-de-systeme-dalarme\/","og_locale":"fr_FR","og_type":"article","og_title":"Je n\u2019ai pas de syst\u00e8me d\u2019alarme","og_description":"Vous ne disposez pas un syst\u00e8me d\u2019alarme, en vous mettant gratuitement \u00e0 disposition un syst\u00e8me compatible avec la technologie BeAlarme","og_url":"https:\/\/myalarme.be\/index.php\/je-nai-pas-de-systeme-dalarme\/","og_site_name":"MyAlarme","article_modified_time":"2025-11-24T07:57:09+00:00","og_image":[{"width":1067,"height":500,"url":"https:\/\/myalarme.be\/wp-content\/uploads\/2025\/08\/tmp_a4654c67-54d3-49f9-8686-e0106bec0af1-e1754317839283.png","type":"image\/png"}],"twitter_card":"summary_large_image","twitter_misc":{"Dur\u00e9e de lecture est.":"2 minutes"},"schema":{"@context":"https:\/\/schema.org","@graph":[{"@type":"WebPage","@id":"https:\/\/myalarme.be\/index.php\/je-nai-pas-de-systeme-dalarme\/","url":"https:\/\/myalarme.be\/index.php\/je-nai-pas-de-systeme-dalarme\/","name":"Syst\u00e8me alarme : une solution s\u00e9curis\u00e9e et accessible - MyAlarme","isPartOf":{"@id":"https:\/\/myalarme.be\/#website"},"primaryImageOfPage":{"@id":"https:\/\/myalarme.be\/index.php\/je-nai-pas-de-systeme-dalarme\/#primaryimage"},"image":{"@id":"https:\/\/myalarme.be\/index.php\/je-nai-pas-de-systeme-dalarme\/#primaryimage"},"thumbnailUrl":"https:\/\/myalarme.be\/wp-content\/uploads\/2025\/08\/tmp_a4654c67-54d3-49f9-8686-e0106bec0af1-e1754317839283.png","datePublished":"2025-08-04T12:01:48+00:00","dateModified":"2025-11-24T07:57:09+00:00","description":"Vous ne disposez pas un syst\u00e8me d\u2019alarme, en vous mettant gratuitement \u00e0 disposition un syst\u00e8me compatible avec la technologie BeAlarme","breadcrumb":{"@id":"https:\/\/myalarme.be\/index.php\/je-nai-pas-de-systeme-dalarme\/#breadcrumb"},"inLanguage":"fr-BE","potentialAction":[{"@type":"ReadAction","target":["https:\/\/myalarme.be\/index.php\/je-nai-pas-de-systeme-dalarme\/"]}]},{"@type":"ImageObject","inLanguage":"fr-BE","@id":"https:\/\/myalarme.be\/index.php\/je-nai-pas-de-systeme-dalarme\/#primaryimage","url":"https:\/\/myalarme.be\/wp-content\/uploads\/2025\/08\/tmp_a4654c67-54d3-49f9-8686-e0106bec0af1-e1754317839283.png","contentUrl":"https:\/\/myalarme.be\/wp-content\/uploads\/2025\/08\/tmp_a4654c67-54d3-49f9-8686-e0106bec0af1-e1754317839283.png","width":1067,"height":500},{"@type":"BreadcrumbList","@id":"https:\/\/myalarme.be\/index.php\/je-nai-pas-de-systeme-dalarme\/#breadcrumb","itemListElement":[{"@type":"ListItem","position":1,"name":"Accueil","item":"https:\/\/myalarme.be\/"},{"@type":"ListItem","position":2,"name":"Je n\u2019ai pas de syst\u00e8me d\u2019alarme"}]},{"@type":"WebSite","@id":"https:\/\/myalarme.be\/#website","url":"https:\/\/myalarme.be\/","name":"MyAlarme","description":"","publisher":{"@id":"https:\/\/myalarme.be\/#organization"},"potentialAction":[{"@type":"SearchAction","target":{"@type":"EntryPoint","urlTemplate":"https:\/\/myalarme.be\/?s={search_term_string}"},"query-input":{"@type":"PropertyValueSpecification","valueRequired":true,"valueName":"search_term_string"}}],"inLanguage":"fr-BE"},{"@type":"Organization","@id":"https:\/\/myalarme.be\/#organization","name":"MyAlarme","url":"https:\/\/myalarme.be\/","logo":{"@type":"ImageObject","inLanguage":"fr-BE","@id":"https:\/\/myalarme.be\/#\/schema\/logo\/image\/","url":"https:\/\/myalarme.be\/wp-content\/uploads\/2025\/07\/cropped-Sans-titre-noblanc2.png","contentUrl":"https:\/\/myalarme.be\/wp-content\/uploads\/2025\/07\/cropped-Sans-titre-noblanc2.png","width":1250,"height":280,"caption":"MyAlarme"},"image":{"@id":"https:\/\/myalarme.be\/#\/schema\/logo\/image\/"}}]}},"_links":{"self":[{"href":"https:\/\/myalarme.be\/index.php\/wp-json\/wp\/v2\/pages\/944","targetHints":{"allow":["GET"]}}],"collection":[{"href":"https:\/\/myalarme.be\/index.php\/wp-json\/wp\/v2\/pages"}],"about":[{"href":"https:\/\/myalarme.be\/index.php\/wp-json\/wp\/v2\/types\/page"}],"author":[{"embeddable":true,"href":"https:\/\/myalarme.be\/index.php\/wp-json\/wp\/v2\/users\/2"}],"replies":[{"embeddable":true,"href":"https:\/\/myalarme.be\/index.php\/wp-json\/wp\/v2\/comments?post=944"}],"version-history":[{"count":87,"href":"https:\/\/myalarme.be\/index.php\/wp-json\/wp\/v2\/pages\/944\/revisions"}],"predecessor-version":[{"id":2573,"href":"https:\/\/myalarme.be\/index.php\/wp-json\/wp\/v2\/pages\/944\/revisions\/2573"}],"wp:featuredmedia":[{"embeddable":true,"href":"https:\/\/myalarme.be\/index.php\/wp-json\/wp\/v2\/media\/960"}],"wp:attachment":[{"href":"https:\/\/myalarme.be\/index.php\/wp-json\/wp\/v2\/media?parent=944"}],"curies":[{"name":"wp","href":"https:\/\/api.w.org\/{rel}","templated":true}]}}