{"id":981,"date":"2025-08-04T14:41:55","date_gmt":"2025-08-04T14:41:55","guid":{"rendered":"https:\/\/myalarme.be\/?page_id=981"},"modified":"2025-11-22T19:07:01","modified_gmt":"2025-11-22T19:07:01","slug":"jai-deja-un-systeme-dalarme","status":"publish","type":"page","link":"https:\/\/myalarme.be\/index.php\/jai-deja-un-systeme-dalarme\/","title":{"rendered":"J\u2019ai d\u00e9j\u00e0 un syst\u00e8me install\u00e9"},"content":{"rendered":"\t\t<div data-elementor-type=\"wp-page\" data-elementor-id=\"981\" class=\"elementor elementor-981\">\n\t\t\t\t<div class=\"elementor-element elementor-element-9a3a870 e-con-full e-flex e-con e-parent\" data-id=\"9a3a870\" data-element_type=\"container\" data-e-type=\"container\">\n\t\t\t\t<div class=\"elementor-element elementor-element-3076e8a elementor-widget elementor-widget-image\" data-id=\"3076e8a\" data-element_type=\"widget\" data-e-type=\"widget\" data-widget_type=\"image.default\">\n\t\t\t\t\t\t\t\t\t\t\t\t\t\t\t<img fetchpriority=\"high\" decoding=\"async\" width=\"1024\" height=\"480\" src=\"https:\/\/myalarme.be\/wp-content\/uploads\/2025\/08\/tmp_1aa1546f-45cf-47b1-9ef1-33b0d7875cae-1024x480.png\" class=\"attachment-large size-large wp-image-1384\" alt=\"\" srcset=\"https:\/\/myalarme.be\/wp-content\/uploads\/2025\/08\/tmp_1aa1546f-45cf-47b1-9ef1-33b0d7875cae-1024x480.png 1024w, https:\/\/myalarme.be\/wp-content\/uploads\/2025\/08\/tmp_1aa1546f-45cf-47b1-9ef1-33b0d7875cae-300x141.png 300w, https:\/\/myalarme.be\/wp-content\/uploads\/2025\/08\/tmp_1aa1546f-45cf-47b1-9ef1-33b0d7875cae-768x360.png 768w, https:\/\/myalarme.be\/wp-content\/uploads\/2025\/08\/tmp_1aa1546f-45cf-47b1-9ef1-33b0d7875cae-1536x720.png 1536w, https:\/\/myalarme.be\/wp-content\/uploads\/2025\/08\/tmp_1aa1546f-45cf-47b1-9ef1-33b0d7875cae.png 1920w\" sizes=\"(max-width: 1024px) 100vw, 1024px\" \/>\t\t\t\t\t\t\t\t\t\t\t\t\t\t\t<\/div>\n\t\t\t\t<div class=\"elementor-element elementor-element-a8fcb60 elementor-absolute elementor-widget__width-initial elementor-widget elementor-widget-elementskit-heading\" data-id=\"a8fcb60\" data-element_type=\"widget\" data-e-type=\"widget\" data-settings=\"{&quot;_position&quot;:&quot;absolute&quot;}\" data-widget_type=\"elementskit-heading.default\">\n\t\t\t\t\t<div class=\"ekit-wid-con\" ><div class=\"ekit-heading elementskit-section-title-wraper text_left   ekit_heading_tablet-   ekit_heading_mobile-\"><h2 class=\"ekit-heading--title elementskit-section-title \">J\u2019ai d\u00e9j\u00e0 un syst\u00e8me install\u00e9<\/h2><\/div><\/div>\t\t\t\t<\/div>\n\t\t\t\t<\/div>\n\t\t<div class=\"elementor-element elementor-element-23d633e e-flex e-con-boxed e-con e-parent\" data-id=\"23d633e\" data-element_type=\"container\" data-e-type=\"container\">\n\t\t\t\t\t<div class=\"e-con-inner\">\n\t\t\t\t<div class=\"elementor-element elementor-element-7575921 elementor-widget elementor-widget-spacer\" data-id=\"7575921\" data-element_type=\"widget\" data-e-type=\"widget\" data-widget_type=\"spacer.default\">\n\t\t\t\t\t\t\t<div class=\"elementor-spacer\">\n\t\t\t<div class=\"elementor-spacer-inner\"><\/div>\n\t\t<\/div>\n\t\t\t\t\t\t<\/div>\n\t\t\t\t<div class=\"elementor-element elementor-element-9514543 elementor-widget elementor-widget-video\" data-id=\"9514543\" data-element_type=\"widget\" data-e-type=\"widget\" data-settings=\"{&quot;youtube_url&quot;:&quot;https:\\\/\\\/youtu.be\\\/mzcFVOWzbNg&quot;,&quot;autoplay&quot;:&quot;yes&quot;,&quot;video_type&quot;:&quot;youtube&quot;,&quot;controls&quot;:&quot;yes&quot;}\" data-widget_type=\"video.default\">\n\t\t\t\t\t\t\t<div class=\"elementor-wrapper elementor-open-inline\">\n\t\t\t<div class=\"elementor-video\"><\/div>\t\t<\/div>\n\t\t\t\t\t\t<\/div>\n\t\t\t\t\t<\/div>\n\t\t\t\t<\/div>\n\t\t<div class=\"elementor-element elementor-element-2699c927 e-con-full e-flex e-con e-parent\" data-id=\"2699c927\" data-element_type=\"container\" data-e-type=\"container\">\n\t\t\t\t<div class=\"elementor-element elementor-element-63d1b9d0 elementor-widget elementor-widget-text-editor\" data-id=\"63d1b9d0\" data-element_type=\"widget\" data-e-type=\"widget\" data-widget_type=\"text-editor.default\">\n\t\t\t\t\t\t\t\t\t<p>Si vous disposez d\u2019un syst\u00e8me d\u2019alarme compatible, nous vous offrons diff\u00e9rentes solutions techniques pour la reprise en main de votre s\u00e9curit\u00e9 sur un syst\u00e8me<a href=\"https:\/\/myalarme.be\/index.php\/bealarme-2\/\"><strong><span style=\"color: #ff0000;\"> BeAlarme<sup>TM<\/sup><\/span><\/strong><\/a>. Quelle que soit la marque de votre \u00e9quipement, s\u2019il dispose d\u2019une compatibilit\u00e9 technologique, il peut \u00eatre repris sur un nouveau syst\u00e8me <strong><span style=\"color: #ff0000;\"><a style=\"color: #ff0000;\" href=\"https:\/\/myalarme.be\/index.php\/bealarme-2\/\">Be<\/a>Alarme<sup>TM <\/sup><\/span><\/strong> pour une alerte directe.<\/p>\t\t\t\t\t\t\t\t<\/div>\n\t\t\t\t<div class=\"elementor-element elementor-element-19271d7b elementor-widget elementor-widget-text-editor\" data-id=\"19271d7b\" data-element_type=\"widget\" data-e-type=\"widget\" data-widget_type=\"text-editor.default\">\n\t\t\t\t\t\t\t\t\t<p>Vous pouvez, par exemple, raccorder directement votre syst\u00e8me d\u2019alarme compatible SIA DC09 ou Contact ID, deux standards universels des syst\u00e8mes d\u2019alarme, via transmetteur IP ou par ligne t\u00e9l\u00e9phonique directe &amp;<strong><span style=\"color: #3366ff;\">\u00a0 <a style=\"color: #3366ff;\" href=\"https:\/\/myalarme.be\/index.php\/gateway\/\">Gateway<\/a> <\/span><\/strong>. Soit en partenariat avec votre installateur actuel \u00e0 travers une reconfiguration de votre transmission vers le point <span style=\"color: #3366ff;\"><a style=\"color: #3366ff;\" href=\"https:\/\/myalarme.be\/index.php\/bealarme-2\/\"><strong>\u00a0BeAlerte <\/strong><\/a><\/span>, soit en lien avec un professionnel partenaire si besoin. Le lien entre vos syst\u00e8mes de s\u00e9curit\u00e9 et vos smartphones ne devrait pas \u00eatre un probl\u00e8me pour b\u00e9n\u00e9ficier d\u2019une nouvelle technologie au service de votre s\u00e9curit\u00e9.<\/p>\t\t\t\t\t\t\t\t<\/div>\n\t\t\t\t<div class=\"elementor-element elementor-element-7b8bde7b elementor-widget elementor-widget-text-editor\" data-id=\"7b8bde7b\" data-element_type=\"widget\" data-e-type=\"widget\" data-widget_type=\"text-editor.default\">\n\t\t\t\t\t\t\t\t\t<p>Si votre installateur ne collabore pas, ou que vos \u00e9quipements soient d\u2019une technologie obsol\u00e8te ou incompatible, <a href=\"https:\/\/myalarme.be\/\"><span style=\"color: #ff0000;\"><strong>MyAlarme<sup>TM<\/sup><\/strong><\/span><\/a> vous propose l\u00e0 encore des solutions techniques, telles que la mise en place d\u2019une<a href=\"https:\/\/myalarme.be\/index.php\/gateway\/\"><strong><span style=\"color: #3366ff;\"> Gateway\u00a0<\/span><\/strong><\/a>qui remplace directement votre ligne t\u00e9l\u00e9phonique.<\/p>\t\t\t\t\t\t\t\t<\/div>\n\t\t\t\t<div class=\"elementor-element elementor-element-6a88d735 elementor-widget elementor-widget-text-editor\" data-id=\"6a88d735\" data-element_type=\"widget\" data-e-type=\"widget\" data-widget_type=\"text-editor.default\">\n\t\t\t\t\t\t\t\t\t<p>Nous pouvons m\u00eame vous proposer une solution gratuite en rempla\u00e7ant votre vieille centrale d\u2019alarme, en conservant, si besoin, vos d\u00e9tecteurs (NC) filaires existants. Changer le c\u0153ur sans toucher \u00e0 votre d\u00e9tection, c\u2019est encore possible. Dans 99% des situations, nous disposons de la solution technologique pour vous offrir une meilleure r\u00e9action d\u2019alerte, un concept de s\u00e9curit\u00e9 nouveau compar\u00e9 \u00e0 ce que vous offrait votre centre de \u00ab t\u00e9l\u00e9surveillance, qui demeure le maillon faible de votre s\u00e9curit\u00e9 \u00bb.<\/p>\t\t\t\t\t\t\t\t<\/div>\n\t\t\t\t<div class=\"elementor-element elementor-element-5e91e3a3 elementor-widget elementor-widget-text-editor\" data-id=\"5e91e3a3\" data-element_type=\"widget\" data-e-type=\"widget\" data-widget_type=\"text-editor.default\">\n\t\t\t\t\t\t\t\t\t<p>Votre <a href=\"https:\/\/myalarme.be\/index.php\/bealarme-2\/\"><span style=\"color: #ff0000;\"><strong>BeAlarme<sup>TM<\/sup><\/strong><\/span><\/a> ne serait rien sans un syst\u00e8me de vid\u00e9osurveillance par cam\u00e9ras. L\u00e0 encore, si votre syst\u00e8me n\u2019est pas compatible, nous pouvons le remplacer, si n\u00e9cessaire, par de nouvelles cam\u00e9ras compatibles en technologie HD.<br \/>En raccordant vos \u00e9quipements \u00e0 une solution <strong>My<a href=\"https:\/\/myalarme.be\/\"><span style=\"color: #ff0000;\">Alarme<sup>TM<\/sup><\/span><\/a><\/strong>, vous disposerez d\u2019une nouvelle technologie vous fournissant une information directe, sans interm\u00e9diaire, en cas d\u2019alarme, directement sur votre smartphone.<br \/>Offrez-vous une notification directe accompagn\u00e9e de la nature exacte de votre alerte, en vous fournissant l\u2019information directement, \u00ab accompagn\u00e9e de la vid\u00e9o, des images \u00bb de ce qu\u2019il s\u2019est pass\u00e9 avant, mais \u00e9galement en vous permettant de visualiser en live la situation actuelle.<\/p>\t\t\t\t\t\t\t\t<\/div>\n\t\t\t\t<div class=\"elementor-element elementor-element-54d420a elementor-widget elementor-widget-text-editor\" data-id=\"54d420a\" data-element_type=\"widget\" data-e-type=\"widget\" data-widget_type=\"text-editor.default\">\n\t\t\t\t\t\t\t\t\t<p>Offrez-vous m\u00eame, en option, une solution BeAudio, un moyen de t\u00e9l\u00e9interpellation bidirectionnelle vous offrant la possibilit\u00e9 de converser en temps r\u00e9el avec le site. G\u00e9rez en temps r\u00e9el votre s\u00e9curit\u00e9 sans interm\u00e9diaire inutile,<span style=\"color: #3366ff;\"><strong>\u00a0 <span style=\"color: #3366ff;\"><a style=\"color: #3366ff;\" href=\"https:\/\/myalarme.be\/index.php\/maillon-faible\/\">sans maillon faible<\/a><\/span><\/strong> <\/span>.<\/p>\t\t\t\t\t\t\t\t<\/div>\n\t\t\t\t<\/div>\n\t\t<div class=\"elementor-element elementor-element-61efe04b e-con-full e-flex e-con e-parent\" data-id=\"61efe04b\" data-element_type=\"container\" data-e-type=\"container\">\n\t\t\t\t<div class=\"elementor-element elementor-element-3cd2bc63 elementor-widget elementor-widget-heading\" data-id=\"3cd2bc63\" data-element_type=\"widget\" data-e-type=\"widget\" data-widget_type=\"heading.default\">\n\t\t\t\t\t<h2 class=\"elementor-heading-title elementor-size-default\">Ne perdez pas de temps <br><\/h2>\t\t\t\t<\/div>\n\t\t\t\t<div class=\"elementor-element elementor-element-2f96b04 elementor-widget elementor-widget-heading\" data-id=\"2f96b04\" data-element_type=\"widget\" data-e-type=\"widget\" data-widget_type=\"heading.default\">\n\t\t\t\t\t<h2 class=\"elementor-heading-title elementor-size-default\">Sollicitez un audit technique de votre situation en prenant contact avec nos services.<\/h2>\t\t\t\t<\/div>\n\t\t\t\t<\/div>\n\t\t<div class=\"elementor-element elementor-element-7d9792b e-con-full e-flex e-con e-parent\" data-id=\"7d9792b\" data-element_type=\"container\" data-e-type=\"container\">\n\t\t<div class=\"elementor-element elementor-element-5744ca1 e-con-full e-flex e-con e-child\" data-id=\"5744ca1\" data-element_type=\"container\" data-e-type=\"container\">\n\t\t\t\t<div class=\"elementor-element elementor-element-10e6a27 elementor-align-left elementor-widget-mobile__width-inherit elementor-mobile-align-justify elementor-widget elementor-widget-button\" data-id=\"10e6a27\" data-element_type=\"widget\" data-e-type=\"widget\" data-widget_type=\"button.default\">\n\t\t\t\t\t\t\t\t\t\t<a class=\"elementor-button elementor-button-link elementor-size-sm\" href=\"https:\/\/myalarme.be\/index.php\/jai-deja-un-systeme-dalarme\/\" target=\"_blank\">\n\t\t\t\t\t\t<span class=\"elementor-button-content-wrapper\">\n\t\t\t\t\t\t\t\t\t<span class=\"elementor-button-text\">J'ai d\u00e9j\u00e0 un syst\u00e8me install\u00e9 <\/span>\n\t\t\t\t\t<\/span>\n\t\t\t\t\t<\/a>\n\t\t\t\t\t\t\t\t<\/div>\n\t\t\t\t<\/div>\n\t\t<div class=\"elementor-element elementor-element-305c6ce e-con-full e-flex e-con e-child\" data-id=\"305c6ce\" data-element_type=\"container\" data-e-type=\"container\">\n\t\t\t\t<div class=\"elementor-element elementor-element-abcd691 elementor-align--mobilecenter elementor-widget__width-initial elementor-align-center elementor-widget elementor-widget-elementskit-button\" data-id=\"abcd691\" data-element_type=\"widget\" data-e-type=\"widget\" data-widget_type=\"elementskit-button.default\">\n\t\t\t\t\t<div class=\"ekit-wid-con\" >\t\t<div class=\"ekit-btn-wraper\">\n\t\t\t\t\t\t\t<a href=\"https:\/\/myalarme.be\/index.php\/contact\/\" class=\"elementskit-btn  whitespace--normal\" id=\"\">\n\t\t\t\t\tDEVIS\t\t\t\t<\/a>\n\t\t\t\t\t<\/div>\n        <\/div>\t\t\t\t<\/div>\n\t\t\t\t<\/div>\n\t\t<div class=\"elementor-element elementor-element-2c98736 e-con-full e-flex e-con e-child\" data-id=\"2c98736\" data-element_type=\"container\" data-e-type=\"container\">\n\t\t\t\t<div class=\"elementor-element elementor-element-2759ed4 elementor-align-left elementor-mobile-align-justify elementor-widget-mobile__width-inherit elementor-widget elementor-widget-button\" data-id=\"2759ed4\" data-element_type=\"widget\" data-e-type=\"widget\" data-widget_type=\"button.default\">\n\t\t\t\t\t\t\t\t\t\t<a class=\"elementor-button elementor-button-link elementor-size-sm\" href=\"https:\/\/myalarme.be\/index.php\/je-nai-pas-de-systeme-dalarme\/\">\n\t\t\t\t\t\t<span class=\"elementor-button-content-wrapper\">\n\t\t\t\t\t\t\t\t\t<span class=\"elementor-button-text\">J'ai pas encore un syst\u00e8me <\/span>\n\t\t\t\t\t<\/span>\n\t\t\t\t\t<\/a>\n\t\t\t\t\t\t\t\t<\/div>\n\t\t\t\t<\/div>\n\t\t\t\t<\/div>\n\t\t\t\t<\/div>\n\t\t","protected":false},"excerpt":{"rendered":"<p>J\u2019ai d\u00e9j\u00e0 un syst\u00e8me install\u00e9 https:\/\/youtu.be\/mzcFVOWzbNg Si vous disposez d\u2019un syst\u00e8me d\u2019alarme compatible, nous vous offrons diff\u00e9rentes solutions techniques pour la reprise en main de votre s\u00e9curit\u00e9 sur un syst\u00e8me&hellip;<\/p>\n","protected":false},"author":2,"featured_media":960,"parent":0,"menu_order":0,"comment_status":"closed","ping_status":"closed","template":"elementor_header_footer","meta":{"footnotes":""},"class_list":["post-981","page","type-page","status-publish","has-post-thumbnail","hentry"],"yoast_head":"<!-- This site is optimized with the Yoast SEO Premium plugin v25.4 (Yoast SEO v27.5) - https:\/\/yoast.com\/product\/yoast-seo-premium-wordpress\/ -->\n<title>Syst\u00e8me d\u2019alarme avec BeAlarme pour s\u00e9curit\u00e9 - MyAlarme<\/title>\n<meta name=\"description\" content=\"D\u00e9couvrez comment un syst\u00e8me d\u2019alarme compatible peut am\u00e9liorer votre s\u00e9curit\u00e9 avec BeAlarmeTM et des solutions techniques adapt\u00e9es.\" \/>\n<meta name=\"robots\" content=\"index, follow, max-snippet:-1, max-image-preview:large, max-video-preview:-1\" \/>\n<link rel=\"canonical\" href=\"https:\/\/myalarme.be\/index.php\/jai-deja-un-systeme-dalarme\/\" \/>\n<meta property=\"og:locale\" content=\"fr_FR\" \/>\n<meta property=\"og:type\" content=\"article\" \/>\n<meta property=\"og:title\" content=\"J\u2019ai d\u00e9j\u00e0 un syst\u00e8me install\u00e9\" \/>\n<meta property=\"og:description\" content=\"D\u00e9couvrez comment un syst\u00e8me d\u2019alarme compatible peut am\u00e9liorer votre s\u00e9curit\u00e9 avec BeAlarmeTM et des solutions techniques adapt\u00e9es.\" \/>\n<meta property=\"og:url\" content=\"https:\/\/myalarme.be\/index.php\/jai-deja-un-systeme-dalarme\/\" \/>\n<meta property=\"og:site_name\" content=\"MyAlarme\" \/>\n<meta property=\"article:modified_time\" content=\"2025-11-22T19:07:01+00:00\" \/>\n<meta property=\"og:image\" content=\"https:\/\/myalarme.be\/wp-content\/uploads\/2025\/08\/tmp_a4654c67-54d3-49f9-8686-e0106bec0af1-e1754317839283.png\" \/>\n\t<meta property=\"og:image:width\" content=\"1067\" \/>\n\t<meta property=\"og:image:height\" content=\"500\" \/>\n\t<meta property=\"og:image:type\" content=\"image\/png\" \/>\n<meta name=\"twitter:card\" content=\"summary_large_image\" \/>\n<meta name=\"twitter:label1\" content=\"Dur\u00e9e de lecture est.\" \/>\n\t<meta name=\"twitter:data1\" content=\"3 minutes\" \/>\n<script type=\"application\/ld+json\" class=\"yoast-schema-graph\">{\"@context\":\"https:\\\/\\\/schema.org\",\"@graph\":[{\"@type\":\"WebPage\",\"@id\":\"https:\\\/\\\/myalarme.be\\\/index.php\\\/jai-deja-un-systeme-dalarme\\\/\",\"url\":\"https:\\\/\\\/myalarme.be\\\/index.php\\\/jai-deja-un-systeme-dalarme\\\/\",\"name\":\"Syst\u00e8me d\u2019alarme avec BeAlarme pour s\u00e9curit\u00e9 - MyAlarme\",\"isPartOf\":{\"@id\":\"https:\\\/\\\/myalarme.be\\\/#website\"},\"primaryImageOfPage\":{\"@id\":\"https:\\\/\\\/myalarme.be\\\/index.php\\\/jai-deja-un-systeme-dalarme\\\/#primaryimage\"},\"image\":{\"@id\":\"https:\\\/\\\/myalarme.be\\\/index.php\\\/jai-deja-un-systeme-dalarme\\\/#primaryimage\"},\"thumbnailUrl\":\"https:\\\/\\\/myalarme.be\\\/wp-content\\\/uploads\\\/2025\\\/08\\\/tmp_a4654c67-54d3-49f9-8686-e0106bec0af1-e1754317839283.png\",\"datePublished\":\"2025-08-04T14:41:55+00:00\",\"dateModified\":\"2025-11-22T19:07:01+00:00\",\"description\":\"D\u00e9couvrez comment un syst\u00e8me d\u2019alarme compatible peut am\u00e9liorer votre s\u00e9curit\u00e9 avec BeAlarmeTM et des solutions techniques adapt\u00e9es.\",\"breadcrumb\":{\"@id\":\"https:\\\/\\\/myalarme.be\\\/index.php\\\/jai-deja-un-systeme-dalarme\\\/#breadcrumb\"},\"inLanguage\":\"fr-BE\",\"potentialAction\":[{\"@type\":\"ReadAction\",\"target\":[\"https:\\\/\\\/myalarme.be\\\/index.php\\\/jai-deja-un-systeme-dalarme\\\/\"]}]},{\"@type\":\"ImageObject\",\"inLanguage\":\"fr-BE\",\"@id\":\"https:\\\/\\\/myalarme.be\\\/index.php\\\/jai-deja-un-systeme-dalarme\\\/#primaryimage\",\"url\":\"https:\\\/\\\/myalarme.be\\\/wp-content\\\/uploads\\\/2025\\\/08\\\/tmp_a4654c67-54d3-49f9-8686-e0106bec0af1-e1754317839283.png\",\"contentUrl\":\"https:\\\/\\\/myalarme.be\\\/wp-content\\\/uploads\\\/2025\\\/08\\\/tmp_a4654c67-54d3-49f9-8686-e0106bec0af1-e1754317839283.png\",\"width\":1067,\"height\":500},{\"@type\":\"BreadcrumbList\",\"@id\":\"https:\\\/\\\/myalarme.be\\\/index.php\\\/jai-deja-un-systeme-dalarme\\\/#breadcrumb\",\"itemListElement\":[{\"@type\":\"ListItem\",\"position\":1,\"name\":\"Accueil\",\"item\":\"https:\\\/\\\/myalarme.be\\\/\"},{\"@type\":\"ListItem\",\"position\":2,\"name\":\"J\u2019ai d\u00e9j\u00e0 un syst\u00e8me install\u00e9\"}]},{\"@type\":\"WebSite\",\"@id\":\"https:\\\/\\\/myalarme.be\\\/#website\",\"url\":\"https:\\\/\\\/myalarme.be\\\/\",\"name\":\"MyAlarme\",\"description\":\"\",\"publisher\":{\"@id\":\"https:\\\/\\\/myalarme.be\\\/#organization\"},\"potentialAction\":[{\"@type\":\"SearchAction\",\"target\":{\"@type\":\"EntryPoint\",\"urlTemplate\":\"https:\\\/\\\/myalarme.be\\\/?s={search_term_string}\"},\"query-input\":{\"@type\":\"PropertyValueSpecification\",\"valueRequired\":true,\"valueName\":\"search_term_string\"}}],\"inLanguage\":\"fr-BE\"},{\"@type\":\"Organization\",\"@id\":\"https:\\\/\\\/myalarme.be\\\/#organization\",\"name\":\"MyAlarme\",\"url\":\"https:\\\/\\\/myalarme.be\\\/\",\"logo\":{\"@type\":\"ImageObject\",\"inLanguage\":\"fr-BE\",\"@id\":\"https:\\\/\\\/myalarme.be\\\/#\\\/schema\\\/logo\\\/image\\\/\",\"url\":\"https:\\\/\\\/myalarme.be\\\/wp-content\\\/uploads\\\/2025\\\/07\\\/cropped-Sans-titre-noblanc2.png\",\"contentUrl\":\"https:\\\/\\\/myalarme.be\\\/wp-content\\\/uploads\\\/2025\\\/07\\\/cropped-Sans-titre-noblanc2.png\",\"width\":1250,\"height\":280,\"caption\":\"MyAlarme\"},\"image\":{\"@id\":\"https:\\\/\\\/myalarme.be\\\/#\\\/schema\\\/logo\\\/image\\\/\"}}]}<\/script>\n<!-- \/ Yoast SEO Premium plugin. -->","yoast_head_json":{"title":"Syst\u00e8me d\u2019alarme avec BeAlarme pour s\u00e9curit\u00e9 - MyAlarme","description":"D\u00e9couvrez comment un syst\u00e8me d\u2019alarme compatible peut am\u00e9liorer votre s\u00e9curit\u00e9 avec BeAlarmeTM et des solutions techniques adapt\u00e9es.","robots":{"index":"index","follow":"follow","max-snippet":"max-snippet:-1","max-image-preview":"max-image-preview:large","max-video-preview":"max-video-preview:-1"},"canonical":"https:\/\/myalarme.be\/index.php\/jai-deja-un-systeme-dalarme\/","og_locale":"fr_FR","og_type":"article","og_title":"J\u2019ai d\u00e9j\u00e0 un syst\u00e8me install\u00e9","og_description":"D\u00e9couvrez comment un syst\u00e8me d\u2019alarme compatible peut am\u00e9liorer votre s\u00e9curit\u00e9 avec BeAlarmeTM et des solutions techniques adapt\u00e9es.","og_url":"https:\/\/myalarme.be\/index.php\/jai-deja-un-systeme-dalarme\/","og_site_name":"MyAlarme","article_modified_time":"2025-11-22T19:07:01+00:00","og_image":[{"width":1067,"height":500,"url":"https:\/\/myalarme.be\/wp-content\/uploads\/2025\/08\/tmp_a4654c67-54d3-49f9-8686-e0106bec0af1-e1754317839283.png","type":"image\/png"}],"twitter_card":"summary_large_image","twitter_misc":{"Dur\u00e9e de lecture est.":"3 minutes"},"schema":{"@context":"https:\/\/schema.org","@graph":[{"@type":"WebPage","@id":"https:\/\/myalarme.be\/index.php\/jai-deja-un-systeme-dalarme\/","url":"https:\/\/myalarme.be\/index.php\/jai-deja-un-systeme-dalarme\/","name":"Syst\u00e8me d\u2019alarme avec BeAlarme pour s\u00e9curit\u00e9 - MyAlarme","isPartOf":{"@id":"https:\/\/myalarme.be\/#website"},"primaryImageOfPage":{"@id":"https:\/\/myalarme.be\/index.php\/jai-deja-un-systeme-dalarme\/#primaryimage"},"image":{"@id":"https:\/\/myalarme.be\/index.php\/jai-deja-un-systeme-dalarme\/#primaryimage"},"thumbnailUrl":"https:\/\/myalarme.be\/wp-content\/uploads\/2025\/08\/tmp_a4654c67-54d3-49f9-8686-e0106bec0af1-e1754317839283.png","datePublished":"2025-08-04T14:41:55+00:00","dateModified":"2025-11-22T19:07:01+00:00","description":"D\u00e9couvrez comment un syst\u00e8me d\u2019alarme compatible peut am\u00e9liorer votre s\u00e9curit\u00e9 avec BeAlarmeTM et des solutions techniques adapt\u00e9es.","breadcrumb":{"@id":"https:\/\/myalarme.be\/index.php\/jai-deja-un-systeme-dalarme\/#breadcrumb"},"inLanguage":"fr-BE","potentialAction":[{"@type":"ReadAction","target":["https:\/\/myalarme.be\/index.php\/jai-deja-un-systeme-dalarme\/"]}]},{"@type":"ImageObject","inLanguage":"fr-BE","@id":"https:\/\/myalarme.be\/index.php\/jai-deja-un-systeme-dalarme\/#primaryimage","url":"https:\/\/myalarme.be\/wp-content\/uploads\/2025\/08\/tmp_a4654c67-54d3-49f9-8686-e0106bec0af1-e1754317839283.png","contentUrl":"https:\/\/myalarme.be\/wp-content\/uploads\/2025\/08\/tmp_a4654c67-54d3-49f9-8686-e0106bec0af1-e1754317839283.png","width":1067,"height":500},{"@type":"BreadcrumbList","@id":"https:\/\/myalarme.be\/index.php\/jai-deja-un-systeme-dalarme\/#breadcrumb","itemListElement":[{"@type":"ListItem","position":1,"name":"Accueil","item":"https:\/\/myalarme.be\/"},{"@type":"ListItem","position":2,"name":"J\u2019ai d\u00e9j\u00e0 un syst\u00e8me install\u00e9"}]},{"@type":"WebSite","@id":"https:\/\/myalarme.be\/#website","url":"https:\/\/myalarme.be\/","name":"MyAlarme","description":"","publisher":{"@id":"https:\/\/myalarme.be\/#organization"},"potentialAction":[{"@type":"SearchAction","target":{"@type":"EntryPoint","urlTemplate":"https:\/\/myalarme.be\/?s={search_term_string}"},"query-input":{"@type":"PropertyValueSpecification","valueRequired":true,"valueName":"search_term_string"}}],"inLanguage":"fr-BE"},{"@type":"Organization","@id":"https:\/\/myalarme.be\/#organization","name":"MyAlarme","url":"https:\/\/myalarme.be\/","logo":{"@type":"ImageObject","inLanguage":"fr-BE","@id":"https:\/\/myalarme.be\/#\/schema\/logo\/image\/","url":"https:\/\/myalarme.be\/wp-content\/uploads\/2025\/07\/cropped-Sans-titre-noblanc2.png","contentUrl":"https:\/\/myalarme.be\/wp-content\/uploads\/2025\/07\/cropped-Sans-titre-noblanc2.png","width":1250,"height":280,"caption":"MyAlarme"},"image":{"@id":"https:\/\/myalarme.be\/#\/schema\/logo\/image\/"}}]}},"_links":{"self":[{"href":"https:\/\/myalarme.be\/index.php\/wp-json\/wp\/v2\/pages\/981","targetHints":{"allow":["GET"]}}],"collection":[{"href":"https:\/\/myalarme.be\/index.php\/wp-json\/wp\/v2\/pages"}],"about":[{"href":"https:\/\/myalarme.be\/index.php\/wp-json\/wp\/v2\/types\/page"}],"author":[{"embeddable":true,"href":"https:\/\/myalarme.be\/index.php\/wp-json\/wp\/v2\/users\/2"}],"replies":[{"embeddable":true,"href":"https:\/\/myalarme.be\/index.php\/wp-json\/wp\/v2\/comments?post=981"}],"version-history":[{"count":74,"href":"https:\/\/myalarme.be\/index.php\/wp-json\/wp\/v2\/pages\/981\/revisions"}],"predecessor-version":[{"id":2549,"href":"https:\/\/myalarme.be\/index.php\/wp-json\/wp\/v2\/pages\/981\/revisions\/2549"}],"wp:featuredmedia":[{"embeddable":true,"href":"https:\/\/myalarme.be\/index.php\/wp-json\/wp\/v2\/media\/960"}],"wp:attachment":[{"href":"https:\/\/myalarme.be\/index.php\/wp-json\/wp\/v2\/media?parent=981"}],"curies":[{"name":"wp","href":"https:\/\/api.w.org\/{rel}","templated":true}]}}